{"id":720,"date":"2020-03-31T14:21:04","date_gmt":"2020-03-31T12:21:04","guid":{"rendered":"https:\/\/nord-bb.wp.ims.de\/?page_id=720"},"modified":"2020-05-27T09:27:29","modified_gmt":"2020-05-27T07:27:29","slug":"messstellenbau%e2%80%8b","status":"publish","type":"page","link":"https:\/\/nord-bb.wp.ims.de\/de\/leistungen\/messstellenbau%e2%80%8b\/","title":{"rendered":"Messstellenbau\u200b"},"content":{"rendered":"\t\t<div data-elementor-type=\"wp-post\" data-elementor-id=\"720\" class=\"elementor elementor-720\">\n\t\t\t\t\t\t<section class=\"elementor-section elementor-top-section elementor-element elementor-element-1fd028e6 elementor-section-boxed elementor-section-height-default elementor-section-height-default\" data-id=\"1fd028e6\" data-element_type=\"section\" data-e-type=\"section\">\n\t\t\t\t\t\t<div class=\"elementor-container elementor-column-gap-no\">\n\t\t\t\t\t<div class=\"elementor-column elementor-col-100 elementor-top-column elementor-element elementor-element-70a7f56e\" data-id=\"70a7f56e\" data-element_type=\"column\" data-e-type=\"column\">\n\t\t\t<div class=\"elementor-widget-wrap elementor-element-populated\">\n\t\t\t\t\t\t<div class=\"elementor-element elementor-element-1ef8205b elementor-widget elementor-widget-heading\" data-id=\"1ef8205b\" data-element_type=\"widget\" data-e-type=\"widget\" data-widget_type=\"heading.default\">\n\t\t\t\t<div class=\"elementor-widget-container\">\n\t\t\t\t\t<h1 class=\"elementor-heading-title elementor-size-default\">Messstellenbau.<\/h1>\t\t\t\t<\/div>\n\t\t\t\t<\/div>\n\t\t\t\t<div class=\"elementor-element elementor-element-236517cf elementor-widget elementor-widget-heading\" data-id=\"236517cf\" data-element_type=\"widget\" data-e-type=\"widget\" data-widget_type=\"heading.default\">\n\t\t\t\t<div class=\"elementor-widget-container\">\n\t\t\t\t\t<h5 class=\"elementor-heading-title elementor-size-small\">Erkundung geologischer und hydrogeologischer Verh\u00e4ltnisse.<\/h5>\t\t\t\t<\/div>\n\t\t\t\t<\/div>\n\t\t\t\t<section class=\"elementor-section elementor-inner-section elementor-element elementor-element-e64ba0c elementor-section-boxed elementor-section-height-default elementor-section-height-default\" data-id=\"e64ba0c\" data-element_type=\"section\" data-e-type=\"section\">\n\t\t\t\t\t\t<div class=\"elementor-container elementor-column-gap-default\">\n\t\t\t\t\t<div class=\"elementor-column elementor-col-50 elementor-inner-column elementor-element elementor-element-45380e68\" data-id=\"45380e68\" data-element_type=\"column\" data-e-type=\"column\">\n\t\t\t<div class=\"elementor-widget-wrap elementor-element-populated\">\n\t\t\t\t\r\n<style>\r\r\n\t.pt-module-content.pt-link {\r\r\n\t\tdisplay: block;\r\r\n\t}\r\r\n<\/style><style>\r\n\t.pt-3d-ih-content .grid__item {\r\n    \twidth: 80%;\r\n\t}\r\n\t<\/style>\r\n\r\n\r\n\r\n\r\n\r\n\r\n\t\t<div class=\"elementor-element elementor-element-3f071a66 elementor-widget elementor-widget-text-editor\" data-id=\"3f071a66\" data-element_type=\"widget\" data-e-type=\"widget\" data-widget_type=\"text-editor.default\">\n\t\t\t\t<div class=\"elementor-widget-container\">\n\t\t\t\t\t\t\t\t\t<p>Messstellen und Pegel dienen zur Analyse des Grundwasser, dessen r\u00e4umlicher Verteilung, even\u00adtueller Ver\u00e4nderung des Grundwasserspiegels sowie der Grundwasserqualit\u00e4t.<\/p>\t\t\t\t\t\t\t\t<\/div>\n\t\t\t\t<\/div>\n\t\t\t\t\t<\/div>\n\t\t<\/div>\n\t\t\t\t<div class=\"elementor-column elementor-col-50 elementor-inner-column elementor-element elementor-element-174a5c4c\" data-id=\"174a5c4c\" data-element_type=\"column\" data-e-type=\"column\">\n\t\t\t<div class=\"elementor-widget-wrap elementor-element-populated\">\n\t\t\t\t\t\t<div class=\"elementor-element elementor-element-c968973 elementor-widget elementor-widget-text-editor\" data-id=\"c968973\" data-element_type=\"widget\" data-e-type=\"widget\" data-widget_type=\"text-editor.default\">\n\t\t\t\t<div class=\"elementor-widget-container\">\n\t\t\t\t\t\t\t\t\t<p>Deshalb sind wir f\u00fcr kommunale Versorgungsunternehmen, \u00f6ffentliche Tr\u00e4ger, aber auch f\u00fcr Gewerbe- und Industrieunternehmen im Einsatz um die Qualit\u00e4t unseres wichtigsten Gutes &#8211; das Trinkwasser &#8211; zu sch\u00fctzen.<\/p>\t\t\t\t\t\t\t\t<\/div>\n\t\t\t\t<\/div>\n\t\t\t\t\t<\/div>\n\t\t<\/div>\n\t\t\t\t\t<\/div>\n\t\t<\/section>\n\t\t\t\t\t<\/div>\n\t\t<\/div>\n\t\t\t\t\t<\/div>\n\t\t<\/section>\n\t\t\t\t<section class=\"elementor-section elementor-inner-section elementor-element elementor-element-b61af9c elementor-section-content-middle elementor-reverse-tablet elementor-reverse-mobile elementor-section-boxed elementor-section-height-default elementor-section-height-default\" data-id=\"b61af9c\" data-element_type=\"section\" data-e-type=\"section\" data-settings=\"{&quot;background_background&quot;:&quot;classic&quot;}\">\n\t\t\t\t\t\t<div class=\"elementor-container elementor-column-gap-default\">\n\t\t\t\t\t<div class=\"elementor-column elementor-col-50 elementor-inner-column elementor-element elementor-element-2c4d0bf5\" data-id=\"2c4d0bf5\" data-element_type=\"column\" data-e-type=\"column\" data-settings=\"{&quot;background_background&quot;:&quot;classic&quot;}\">\n\t\t\t<div class=\"elementor-widget-wrap elementor-element-populated\">\n\t\t\t\t\t\t<div class=\"elementor-element elementor-element-4ef91e85 elementor-widget elementor-widget-heading\" data-id=\"4ef91e85\" data-element_type=\"widget\" data-e-type=\"widget\" data-widget_type=\"heading.default\">\n\t\t\t\t<div class=\"elementor-widget-container\">\n\t\t\t\t\t<h2 class=\"elementor-heading-title elementor-size-default\">Gezielt gesucht.<\/h2>\t\t\t\t<\/div>\n\t\t\t\t<\/div>\n\t\t\t\t<div class=\"elementor-element elementor-element-2ac2ca7a elementor-widget elementor-widget-heading\" data-id=\"2ac2ca7a\" data-element_type=\"widget\" data-e-type=\"widget\" data-widget_type=\"heading.default\">\n\t\t\t\t<div class=\"elementor-widget-container\">\n\t\t\t\t\t<h5 class=\"elementor-heading-title elementor-size-default\">Ein umfassendes Leistungsspektrum.<\/h5>\t\t\t\t<\/div>\n\t\t\t\t<\/div>\n\t\t\t\t<div class=\"elementor-element elementor-element-262caac4 elementor-widget-divider--view-line elementor-widget elementor-widget-divider\" data-id=\"262caac4\" data-element_type=\"widget\" data-e-type=\"widget\" data-widget_type=\"divider.default\">\n\t\t\t\t<div class=\"elementor-widget-container\">\n\t\t\t\t\t\t\t<div class=\"elementor-divider\">\n\t\t\t<span class=\"elementor-divider-separator\">\n\t\t\t\t\t\t<\/span>\n\t\t<\/div>\n\t\t\t\t\t\t<\/div>\n\t\t\t\t<\/div>\n\t\t\t\t<div class=\"elementor-element elementor-element-3b42aaf4 elementor-widget elementor-widget-text-editor\" data-id=\"3b42aaf4\" data-element_type=\"widget\" data-e-type=\"widget\" data-widget_type=\"text-editor.default\">\n\t\t\t\t<div class=\"elementor-widget-container\">\n\t\t\t\t\t\t\t\t\t<p style=\"text-align: center;\">Wir setzen modernste Bohrger\u00e4te und Brunnenbautechnik ein. Hierzu z\u00e4hlt z.B. die Verpressung der Ringr\u00e4ume mittels Zementierst\u00fcck, nach unserem patentierten Verfahren. Daraus ergibt sich die erforderliche Dimensionierung des Messstellenausbaus sowie die Art und Anzahl erforderlicher Untersuchungen an bzw. in der Messstelle.<\/p>\t\t\t\t\t\t\t\t<\/div>\n\t\t\t\t<\/div>\n\t\t\t\t\t<\/div>\n\t\t<\/div>\n\t\t\t\t<div class=\"elementor-column elementor-col-50 elementor-inner-column elementor-element elementor-element-3b517387\" data-id=\"3b517387\" data-element_type=\"column\" data-e-type=\"column\">\n\t\t\t<div class=\"elementor-widget-wrap elementor-element-populated\">\n\t\t\t\t\t\t<div class=\"elementor-element elementor-element-4189c604 elementor--h-position-center elementor--v-position-middle elementor-arrows-position-inside elementor-pagination-position-inside elementor-widget elementor-widget-slides\" data-id=\"4189c604\" data-element_type=\"widget\" data-e-type=\"widget\" data-settings=\"{&quot;navigation&quot;:&quot;both&quot;,&quot;autoplay&quot;:&quot;yes&quot;,&quot;pause_on_hover&quot;:&quot;yes&quot;,&quot;pause_on_interaction&quot;:&quot;yes&quot;,&quot;autoplay_speed&quot;:5000,&quot;infinite&quot;:&quot;yes&quot;,&quot;transition&quot;:&quot;slide&quot;,&quot;transition_speed&quot;:500}\" data-widget_type=\"slides.default\">\n\t\t\t\t<div class=\"elementor-widget-container\">\n\t\t\t\t\t\t\t<div class=\"elementor-swiper\">\n\t\t\t<div class=\"elementor-slides-wrapper elementor-main-swiper swiper-container\" dir=\"ltr\" data-animation=\"fadeInUp\">\n\t\t\t\t<div class=\"swiper-wrapper elementor-slides\">\n\t\t\t\t\t<div class=\"elementor-repeater-item-d728723 swiper-slide\"><div class=\"swiper-slide-bg\"><\/div><div class=\"swiper-slide-inner\" ><div class=\"swiper-slide-contents\"><\/div><\/div><\/div><div class=\"elementor-repeater-item-ba64464 swiper-slide\"><div class=\"swiper-slide-bg\"><\/div><div class=\"swiper-slide-inner\" ><div class=\"swiper-slide-contents\"><\/div><\/div><\/div><div class=\"elementor-repeater-item-142bd50 swiper-slide\"><div class=\"swiper-slide-bg\"><\/div><div class=\"swiper-slide-inner\" ><div class=\"swiper-slide-contents\"><\/div><\/div><\/div><div class=\"elementor-repeater-item-2e34534 swiper-slide\"><div class=\"swiper-slide-bg\"><\/div><div class=\"swiper-slide-inner\" ><div class=\"swiper-slide-contents\"><\/div><\/div><\/div><div class=\"elementor-repeater-item-a7d0b1e swiper-slide\"><div class=\"swiper-slide-bg\"><\/div><div class=\"swiper-slide-inner\" ><div class=\"swiper-slide-contents\"><\/div><\/div><\/div><div class=\"elementor-repeater-item-07e53a4 swiper-slide\"><div class=\"swiper-slide-bg\"><\/div><div class=\"swiper-slide-inner\" ><div class=\"swiper-slide-contents\"><\/div><\/div><\/div>\t\t\t\t<\/div>\n\t\t\t\t\t\t\t\t\t\t\t\t\t\t\t<div class=\"swiper-pagination\"><\/div>\n\t\t\t\t\t\t\t\t\t\t\t\t\t\t\t\t<div class=\"elementor-swiper-button elementor-swiper-button-prev\">\n\t\t\t\t\t\t\t<i class=\"eicon-chevron-left\" aria-hidden=\"true\"><\/i>\n\t\t\t\t\t\t\t<span class=\"elementor-screen-only\">Voriger<\/span>\n\t\t\t\t\t\t<\/div>\n\t\t\t\t\t\t<div class=\"elementor-swiper-button elementor-swiper-button-next\">\n\t\t\t\t\t\t\t<i class=\"eicon-chevron-right\" aria-hidden=\"true\"><\/i>\n\t\t\t\t\t\t\t<span class=\"elementor-screen-only\">N\u00e4chster<\/span>\n\t\t\t\t\t\t<\/div>\n\t\t\t\t\t\t\t\t\t\t\t\t<\/div>\n\t\t<\/div>\n\t\t\t\t\t\t<\/div>\n\t\t\t\t<\/div>\n\t\t\t\t\t<\/div>\n\t\t<\/div>\n\t\t\t\t\t<\/div>\n\t\t<\/section>\n\t\t\t\t<section class=\"elementor-section elementor-top-section elementor-element elementor-element-e04fe85 elementor-section-boxed elementor-section-height-default elementor-section-height-default\" data-id=\"e04fe85\" data-element_type=\"section\" data-e-type=\"section\">\n\t\t\t\t\t\t<div class=\"elementor-container elementor-column-gap-default\">\n\t\t\t\t\t<div class=\"elementor-column elementor-col-100 elementor-top-column elementor-element elementor-element-1ec8f69\" data-id=\"1ec8f69\" data-element_type=\"column\" data-e-type=\"column\">\n\t\t\t<div class=\"elementor-widget-wrap elementor-element-populated\">\n\t\t\t\t\t\t<div class=\"elementor-element elementor-element-41d7810 pt-dt-th-align-left pt-dt-td-align-left elementor-widget elementor-widget-Pt-data-table\" data-id=\"41d7810\" data-element_type=\"widget\" data-e-type=\"widget\" data-widget_type=\"Pt-data-table.default\">\n\t\t\t\t<div class=\"elementor-widget-container\">\n\t\t\t\t\t\t\t<div class=\"pt-data-table-wrap\">\r\n\t\t\t<table id=\"pt-data-table-41d7810\" class=\"tablesorter pt-data-table\">\r\n\t\t\t    <thead>\r\n\t\t\t        <tr class=\"table-header\">\r\n\t\t\t        \t\t\t\t            <th class=\"sorting\">\r\n\t\t\t            \t\t\t\t            \t\t\t\t            \tPROJEKT\t\t\t            <\/th>\r\n\t\t\t        \t\t\t\t            <th class=\"sorting\">\r\n\t\t\t            \t\t\t\t            \t\t\t\t            \tSTAAT | STANDORT\t\t\t            <\/th>\r\n\t\t\t        \t\t\t\t            <th class=\"sorting\">\r\n\t\t\t            \t\t\t\t            \t\t\t\t            \tPDF\t\t\t            <\/th>\r\n\t\t\t        \t\t\t\t        <\/tr>\r\n\t\t\t    <\/thead>\r\n\t\t\t  \t<tbody>\r\n\t\t\t\t\t\t\t\t\t\t\t<tr>\r\n\t\t\t\t\t\t\t\t\t\t\t\t\t\t\t\t\t\t\t\t\t\t\t\t\t\t\t\t<td>Messstellenbau<\/td>\r\n\t\t\t\t\t\t\t\t\t\t\t\t\t\t\t\t\t\t\t\t\t\t\t\t\t\t\t\t\t\t\t\t\t\t\t\t\t\t\t\t\t<td><\/td>\r\n\t\t\t\t\t\t\t\t\t\t\t\t\t\t\t\t\t\t\t\t\t\t\t\t\t\t\t\t\t\t\t\t\t\t\t\t\t\t\t\t\t<td><\/td>\r\n\t\t\t\t\t\t\t\t\t\t\t\t\t\t\t\t\t\t\t\t\t\t\t\t\t\t<\/tr>\r\n\t\t\t        \t\t\t\t\t\t<tr>\r\n\t\t\t\t\t\t\t\t\t\t\t\t\t\t\t\t\t\t\t\t\t\t\t\t\t\t\t\t<td>Schleuse Erlangen<\/td>\r\n\t\t\t\t\t\t\t\t\t\t\t\t\t\t\t\t\t\t\t\t\t\t\t\t\t\t\t\t\t\t\t\t\t\t\t\t\t\t\t\t\t<td>Deutschland | Aschaffenburg<\/td>\r\n\t\t\t\t\t\t\t\t\t\t\t\t\t\t\t\t\t\t\t\t\t\t\t\t\t\t\t\t\t\t\t\t\t\t\t\t\t\t\t\t\t<td>\r\n\t\t\t\t\t\t\t\t\t\t\t\t<a href=\"https:\/\/nord-bb.wp.ims.de\/wp-content\/uploads\/2020\/05\/Aschaffenburg-Schleuse-Baugrund.pdf\" target=\"_blank\" rel=\"nofollow\">GWM 26 BR 14<\/a>\r\n\t\t\t\t\t\t\t\t\t\t\t<\/td>\r\n\t\t\t\t\t\t\t\t\t\t\t\t\t\t\t\t\t\t\t\t\t\t\t\t\t\t<\/tr>\r\n\t\t\t        \t\t\t\t\t\t<tr>\r\n\t\t\t\t\t\t\t\t\t\t\t\t\t<\/tr>\r\n\t\t\t        \t\t\t\t\t\t<tr>\r\n\t\t\t\t\t\t\t\t\t\t\t\t\t\t\t\t\t\t\t\t\t\t\t\t\t\t\t\t<td>Elbtower<\/td>\r\n\t\t\t\t\t\t\t\t\t\t\t\t\t\t\t\t\t\t\t\t\t\t\t\t\t\t\t\t\t\t\t\t\t\t\t\t\t\t\t\t\t<td>Deutschland | Hamburg<\/td>\r\n\t\t\t\t\t\t\t\t\t\t\t\t\t\t\t\t\t\t\t\t\t\t\t\t\t\t\t\t\t\t\t\t\t\t\t\t\t\t\t\t\t<td>\r\n\t\t\t\t\t\t\t\t\t\t\t\t<a href=\"https:\/\/nord-bb.wp.ims.de\/wp-content\/uploads\/2020\/05\/Hamburg-Elbtower-1-Baugrund.pdf\" target=\"_blank\" rel=\"nofollow\">B5<\/a>\r\n\t\t\t\t\t\t\t\t\t\t\t<\/td>\r\n\t\t\t\t\t\t\t\t\t\t\t\t\t\t\t\t\t\t\t\t\t\t\t\t\t\t<\/tr>\r\n\t\t\t        \t\t\t\t\t\t<tr>\r\n\t\t\t\t\t\t\t\t\t\t\t\t\t\t\t\t\t\t\t\t\t\t\t\t\t\t\t\t<td>Langenhorn | WW<\/td>\r\n\t\t\t\t\t\t\t\t\t\t\t\t\t\t\t\t\t\t\t\t\t\t\t\t\t\t\t\t\t\t\t\t\t\t\t\t\t\t\t\t\t<td>Deutschland | Hamburg<\/td>\r\n\t\t\t\t\t\t\t\t\t\t\t\t\t\t\t\t\t\t\t\t\t\t\t\t\t\t\t\t\t\t\t\t\t\t\t\t\t\t\t\t\t<td>\r\n\t\t\t\t\t\t\t\t\t\t\t\t<a href=\"https:\/\/nord-bb.wp.ims.de\/wp-content\/uploads\/2020\/05\/HWW-Langenhorn-AB-LAN-7-Luftheben.pdf\" target=\"_blank\" rel=\"nofollow\">AB LAN 7<\/a>\r\n\t\t\t\t\t\t\t\t\t\t\t<\/td>\r\n\t\t\t\t\t\t\t\t\t\t\t\t\t\t\t\t\t\t\t\t\t\t\t\t\t\t<\/tr>\r\n\t\t\t        \t\t\t\t\t\t<tr>\r\n\t\t\t\t\t\t\t\t\t\t\t\t\t\t\t\t\t\t\t\t\t\t\t\t\t\t\t\t<td>Schleuse Scharnebeck<\/td>\r\n\t\t\t\t\t\t\t\t\t\t\t\t\t\t\t\t\t\t\t\t\t\t\t\t\t\t\t\t\t\t\t\t\t\t\t\t\t\t\t\t\t<td>Deutschland | Scharnebeck<\/td>\r\n\t\t\t\t\t\t\t\t\t\t\t\t\t\t\t\t\t\t\t\t\t\t\t\t\t\t\t\t\t\t\t\t\t\t\t\t\t\t\t\t\t<td>\r\n\t\t\t\t\t\t\t\t\t\t\t\t<a href=\"https:\/\/nord-bb.wp.ims.de\/wp-content\/uploads\/2020\/05\/Scharnebeck-Schleuse-Scharnebeck-Baugrund.pdf\" target=\"_blank\" rel=\"nofollow\">BKP 09-10<\/a>\r\n\t\t\t\t\t\t\t\t\t\t\t<\/td>\r\n\t\t\t\t\t\t\t\t\t\t\t\t\t\t\t\t\t\t\t\t\t\t\t\t\t\t<\/tr>\r\n\t\t\t        \t\t\t    <\/tbody>\r\n\t\t\t<\/table>\r\n\t\t<\/div>\r\n\t  \t\t\t\t\t<\/div>\n\t\t\t\t<\/div>\n\t\t\t\t\t<\/div>\n\t\t<\/div>\n\t\t\t\t\t<\/div>\n\t\t<\/section>\n\t\t\t\t<\/div>\n\t\t","protected":false},"excerpt":{"rendered":"<p>Messstellenbau. Erkundung geologischer und hydrogeologischer Verh\u00e4ltnisse. Messstellen und Pegel dienen zur Analyse des Grundwasser, dessen r\u00e4umlicher Verteilung, even\u00adtueller Ver\u00e4nderung des Grundwasserspiegels sowie der Grundwasserqualit\u00e4t. Deshalb sind wir f\u00fcr kommunale Versorgungsunternehmen, \u00f6ffentliche Tr\u00e4ger, aber auch f\u00fcr Gewerbe- und Industrieunternehmen im Einsatz um die Qualit\u00e4t unseres wichtigsten Gutes &#8211; das Trinkwasser &#8211; zu sch\u00fctzen. Gezielt gesucht. Ein [&hellip;]<\/p>\n","protected":false},"author":2,"featured_media":0,"parent":52,"menu_order":0,"comment_status":"closed","ping_status":"closed","template":"elementor_header_footer","meta":{"footnotes":"","_links_to":"","_links_to_target":""},"class_list":["post-720","page","type-page","status-publish","hentry"],"yoast_head":"<!-- This site is optimized with the Yoast SEO plugin v27.3 - https:\/\/yoast.com\/product\/yoast-seo-wordpress\/ -->\n<title>Messstellenbau\u200b - NORD Bohr und Brunnenbau GmbH<\/title>\n<meta name=\"robots\" content=\"index, follow, max-snippet:-1, max-image-preview:large, max-video-preview:-1\" \/>\n<link rel=\"canonical\" href=\"https:\/\/nord-bb.wp.ims.de\/de\/leistungen\/messstellenbau\u200b\/\" \/>\n<meta property=\"og:locale\" content=\"de_DE\" \/>\n<meta property=\"og:type\" content=\"article\" \/>\n<meta property=\"og:title\" content=\"Messstellenbau\u200b - NORD Bohr und Brunnenbau GmbH\" \/>\n<meta property=\"og:description\" content=\"Messstellenbau. Erkundung geologischer und hydrogeologischer Verh\u00e4ltnisse. Messstellen und Pegel dienen zur Analyse des Grundwasser, dessen r\u00e4umlicher Verteilung, even\u00adtueller Ver\u00e4nderung des Grundwasserspiegels sowie der Grundwasserqualit\u00e4t. Deshalb sind wir f\u00fcr kommunale Versorgungsunternehmen, \u00f6ffentliche Tr\u00e4ger, aber auch f\u00fcr Gewerbe- und Industrieunternehmen im Einsatz um die Qualit\u00e4t unseres wichtigsten Gutes &#8211; das Trinkwasser &#8211; zu sch\u00fctzen. Gezielt gesucht. Ein [&hellip;]\" \/>\n<meta property=\"og:url\" content=\"https:\/\/nord-bb.wp.ims.de\/de\/leistungen\/messstellenbau\u200b\/\" \/>\n<meta property=\"og:site_name\" content=\"NORD Bohr und Brunnenbau GmbH\" \/>\n<meta property=\"article:modified_time\" content=\"2020-05-27T07:27:29+00:00\" \/>\n<meta name=\"twitter:card\" content=\"summary_large_image\" \/>\n<meta name=\"twitter:label1\" content=\"Gesch\u00e4tzte Lesezeit\" \/>\n\t<meta name=\"twitter:data1\" content=\"1\u00a0Minute\" \/>\n<script type=\"application\/ld+json\" class=\"yoast-schema-graph\">{\"@context\":\"https:\\\/\\\/schema.org\",\"@graph\":[{\"@type\":\"WebPage\",\"@id\":\"https:\\\/\\\/nord-bb.wp.ims.de\\\/de\\\/leistungen\\\/messstellenbau%e2%80%8b\\\/\",\"url\":\"https:\\\/\\\/nord-bb.wp.ims.de\\\/de\\\/leistungen\\\/messstellenbau%e2%80%8b\\\/\",\"name\":\"Messstellenbau\u200b - NORD Bohr und Brunnenbau GmbH\",\"isPartOf\":{\"@id\":\"https:\\\/\\\/nord-bb.wp.ims.de\\\/de\\\/#website\"},\"datePublished\":\"2020-03-31T12:21:04+00:00\",\"dateModified\":\"2020-05-27T07:27:29+00:00\",\"breadcrumb\":{\"@id\":\"https:\\\/\\\/nord-bb.wp.ims.de\\\/de\\\/leistungen\\\/messstellenbau%e2%80%8b\\\/#breadcrumb\"},\"inLanguage\":\"de\",\"potentialAction\":[{\"@type\":\"ReadAction\",\"target\":[\"https:\\\/\\\/nord-bb.wp.ims.de\\\/de\\\/leistungen\\\/messstellenbau%e2%80%8b\\\/\"]}]},{\"@type\":\"BreadcrumbList\",\"@id\":\"https:\\\/\\\/nord-bb.wp.ims.de\\\/de\\\/leistungen\\\/messstellenbau%e2%80%8b\\\/#breadcrumb\",\"itemListElement\":[{\"@type\":\"ListItem\",\"position\":1,\"name\":\"Startseite\",\"item\":\"https:\\\/\\\/nord-bb.wp.ims.de\\\/de\\\/\"},{\"@type\":\"ListItem\",\"position\":2,\"name\":\"Leistungen\",\"item\":\"https:\\\/\\\/nord-bb.wp.ims.de\\\/de\\\/leistungen\\\/\"},{\"@type\":\"ListItem\",\"position\":3,\"name\":\"Messstellenbau\u200b\"}]},{\"@type\":\"WebSite\",\"@id\":\"https:\\\/\\\/nord-bb.wp.ims.de\\\/de\\\/#website\",\"url\":\"https:\\\/\\\/nord-bb.wp.ims.de\\\/de\\\/\",\"name\":\"NORD Bohr und Brunnenbau GmbH\",\"description\":\"Die Spezialisten f\u00fcr Bohr- und Brunnenbau-Technologien\",\"potentialAction\":[{\"@type\":\"SearchAction\",\"target\":{\"@type\":\"EntryPoint\",\"urlTemplate\":\"https:\\\/\\\/nord-bb.wp.ims.de\\\/de\\\/?s={search_term_string}\"},\"query-input\":{\"@type\":\"PropertyValueSpecification\",\"valueRequired\":true,\"valueName\":\"search_term_string\"}}],\"inLanguage\":\"de\"}]}<\/script>\n<!-- \/ Yoast SEO plugin. -->","yoast_head_json":{"title":"Messstellenbau\u200b - NORD Bohr und Brunnenbau GmbH","robots":{"index":"index","follow":"follow","max-snippet":"max-snippet:-1","max-image-preview":"max-image-preview:large","max-video-preview":"max-video-preview:-1"},"canonical":"https:\/\/nord-bb.wp.ims.de\/de\/leistungen\/messstellenbau\u200b\/","og_locale":"de_DE","og_type":"article","og_title":"Messstellenbau\u200b - NORD Bohr und Brunnenbau GmbH","og_description":"Messstellenbau. Erkundung geologischer und hydrogeologischer Verh\u00e4ltnisse. Messstellen und Pegel dienen zur Analyse des Grundwasser, dessen r\u00e4umlicher Verteilung, even\u00adtueller Ver\u00e4nderung des Grundwasserspiegels sowie der Grundwasserqualit\u00e4t. Deshalb sind wir f\u00fcr kommunale Versorgungsunternehmen, \u00f6ffentliche Tr\u00e4ger, aber auch f\u00fcr Gewerbe- und Industrieunternehmen im Einsatz um die Qualit\u00e4t unseres wichtigsten Gutes &#8211; das Trinkwasser &#8211; zu sch\u00fctzen. Gezielt gesucht. Ein [&hellip;]","og_url":"https:\/\/nord-bb.wp.ims.de\/de\/leistungen\/messstellenbau\u200b\/","og_site_name":"NORD Bohr und Brunnenbau GmbH","article_modified_time":"2020-05-27T07:27:29+00:00","twitter_card":"summary_large_image","twitter_misc":{"Gesch\u00e4tzte Lesezeit":"1\u00a0Minute"},"schema":{"@context":"https:\/\/schema.org","@graph":[{"@type":"WebPage","@id":"https:\/\/nord-bb.wp.ims.de\/de\/leistungen\/messstellenbau%e2%80%8b\/","url":"https:\/\/nord-bb.wp.ims.de\/de\/leistungen\/messstellenbau%e2%80%8b\/","name":"Messstellenbau\u200b - NORD Bohr und Brunnenbau GmbH","isPartOf":{"@id":"https:\/\/nord-bb.wp.ims.de\/de\/#website"},"datePublished":"2020-03-31T12:21:04+00:00","dateModified":"2020-05-27T07:27:29+00:00","breadcrumb":{"@id":"https:\/\/nord-bb.wp.ims.de\/de\/leistungen\/messstellenbau%e2%80%8b\/#breadcrumb"},"inLanguage":"de","potentialAction":[{"@type":"ReadAction","target":["https:\/\/nord-bb.wp.ims.de\/de\/leistungen\/messstellenbau%e2%80%8b\/"]}]},{"@type":"BreadcrumbList","@id":"https:\/\/nord-bb.wp.ims.de\/de\/leistungen\/messstellenbau%e2%80%8b\/#breadcrumb","itemListElement":[{"@type":"ListItem","position":1,"name":"Startseite","item":"https:\/\/nord-bb.wp.ims.de\/de\/"},{"@type":"ListItem","position":2,"name":"Leistungen","item":"https:\/\/nord-bb.wp.ims.de\/de\/leistungen\/"},{"@type":"ListItem","position":3,"name":"Messstellenbau\u200b"}]},{"@type":"WebSite","@id":"https:\/\/nord-bb.wp.ims.de\/de\/#website","url":"https:\/\/nord-bb.wp.ims.de\/de\/","name":"NORD Bohr und Brunnenbau GmbH","description":"Die Spezialisten f\u00fcr Bohr- und Brunnenbau-Technologien","potentialAction":[{"@type":"SearchAction","target":{"@type":"EntryPoint","urlTemplate":"https:\/\/nord-bb.wp.ims.de\/de\/?s={search_term_string}"},"query-input":{"@type":"PropertyValueSpecification","valueRequired":true,"valueName":"search_term_string"}}],"inLanguage":"de"}]}},"_links":{"self":[{"href":"https:\/\/nord-bb.wp.ims.de\/de\/wp-json\/wp\/v2\/pages\/720","targetHints":{"allow":["GET"]}}],"collection":[{"href":"https:\/\/nord-bb.wp.ims.de\/de\/wp-json\/wp\/v2\/pages"}],"about":[{"href":"https:\/\/nord-bb.wp.ims.de\/de\/wp-json\/wp\/v2\/types\/page"}],"author":[{"embeddable":true,"href":"https:\/\/nord-bb.wp.ims.de\/de\/wp-json\/wp\/v2\/users\/2"}],"replies":[{"embeddable":true,"href":"https:\/\/nord-bb.wp.ims.de\/de\/wp-json\/wp\/v2\/comments?post=720"}],"version-history":[{"count":18,"href":"https:\/\/nord-bb.wp.ims.de\/de\/wp-json\/wp\/v2\/pages\/720\/revisions"}],"predecessor-version":[{"id":1508,"href":"https:\/\/nord-bb.wp.ims.de\/de\/wp-json\/wp\/v2\/pages\/720\/revisions\/1508"}],"up":[{"embeddable":true,"href":"https:\/\/nord-bb.wp.ims.de\/de\/wp-json\/wp\/v2\/pages\/52"}],"wp:attachment":[{"href":"https:\/\/nord-bb.wp.ims.de\/de\/wp-json\/wp\/v2\/media?parent=720"}],"curies":[{"name":"wp","href":"https:\/\/api.w.org\/{rel}","templated":true}]}}