{"id":724,"date":"2020-03-31T14:21:49","date_gmt":"2020-03-31T12:21:49","guid":{"rendered":"https:\/\/nord-bb.wp.ims.de\/?page_id=724"},"modified":"2020-05-27T10:03:40","modified_gmt":"2020-05-27T08:03:40","slug":"wartung-und-service","status":"publish","type":"page","link":"https:\/\/nord-bb.wp.ims.de\/de\/leistungen\/wartung-und-service\/","title":{"rendered":"Wartung und Service"},"content":{"rendered":"\t\t<div data-elementor-type=\"wp-post\" data-elementor-id=\"724\" class=\"elementor elementor-724\">\n\t\t\t\t\t\t<section class=\"elementor-section elementor-top-section elementor-element elementor-element-1013d89e elementor-section-boxed elementor-section-height-default elementor-section-height-default\" data-id=\"1013d89e\" data-element_type=\"section\" data-e-type=\"section\">\n\t\t\t\t\t\t<div class=\"elementor-container elementor-column-gap-no\">\n\t\t\t\t\t<div class=\"elementor-column elementor-col-100 elementor-top-column elementor-element elementor-element-6a9369a9\" data-id=\"6a9369a9\" data-element_type=\"column\" data-e-type=\"column\">\n\t\t\t<div class=\"elementor-widget-wrap elementor-element-populated\">\n\t\t\t\t\t\t<div class=\"elementor-element elementor-element-5f0a537a elementor-widget elementor-widget-heading\" data-id=\"5f0a537a\" data-element_type=\"widget\" data-e-type=\"widget\" data-widget_type=\"heading.default\">\n\t\t\t\t<div class=\"elementor-widget-container\">\n\t\t\t\t\t<h1 class=\"elementor-heading-title elementor-size-default\">Wartung und Service.<\/h1>\t\t\t\t<\/div>\n\t\t\t\t<\/div>\n\t\t\t\t<div class=\"elementor-element elementor-element-40f48f18 elementor-widget elementor-widget-heading\" data-id=\"40f48f18\" data-element_type=\"widget\" data-e-type=\"widget\" data-widget_type=\"heading.default\">\n\t\t\t\t<div class=\"elementor-widget-container\">\n\t\t\t\t\t<h5 class=\"elementor-heading-title elementor-size-small\">Funktion und sicherheit f\u00fcr die zukunft.<\/h5>\t\t\t\t<\/div>\n\t\t\t\t<\/div>\n\t\t\t\t<section class=\"elementor-section elementor-inner-section elementor-element elementor-element-239d324 elementor-section-boxed elementor-section-height-default elementor-section-height-default\" data-id=\"239d324\" data-element_type=\"section\" data-e-type=\"section\">\n\t\t\t\t\t\t<div class=\"elementor-container elementor-column-gap-default\">\n\t\t\t\t\t<div class=\"elementor-column elementor-col-50 elementor-inner-column elementor-element elementor-element-6193f8de\" data-id=\"6193f8de\" data-element_type=\"column\" data-e-type=\"column\">\n\t\t\t<div class=\"elementor-widget-wrap elementor-element-populated\">\n\t\t\t\t\r\n<style>\r\r\n\t.pt-module-content.pt-link {\r\r\n\t\tdisplay: block;\r\r\n\t}\r\r\n<\/style><style>\r\n\t.pt-3d-ih-content .grid__item {\r\n    \twidth: 80%;\r\n\t}\r\n\t<\/style>\r\n\r\n\r\n\r\n\r\n\r\n\r\n\t\t<div class=\"elementor-element elementor-element-4c5b2484 elementor-widget elementor-widget-text-editor\" data-id=\"4c5b2484\" data-element_type=\"widget\" data-e-type=\"widget\" data-widget_type=\"text-editor.default\">\n\t\t\t\t<div class=\"elementor-widget-container\">\n\t\t\t\t\t\t\t\t\t<p>Um einen mittel- und langfristigen reibungslosen Betrieb von Brunnenanlagen zu gew\u00e4hrleisten und Alterungserscheinungen fr\u00fchzeitig zu erkennen, \u00fcberpr\u00fcfen wir den Zustand der Bauwerke und deren Leistungsf\u00e4higkeit nach festgesetztem zeitlichem Plan.<\/p>\t\t\t\t\t\t\t\t<\/div>\n\t\t\t\t<\/div>\n\t\t\t\t\t<\/div>\n\t\t<\/div>\n\t\t\t\t<div class=\"elementor-column elementor-col-50 elementor-inner-column elementor-element elementor-element-1ef8d715\" data-id=\"1ef8d715\" data-element_type=\"column\" data-e-type=\"column\">\n\t\t\t<div class=\"elementor-widget-wrap elementor-element-populated\">\n\t\t\t\t\t\t<div class=\"elementor-element elementor-element-6fbc4f4d elementor-widget elementor-widget-text-editor\" data-id=\"6fbc4f4d\" data-element_type=\"widget\" data-e-type=\"widget\" data-widget_type=\"text-editor.default\">\n\t\t\t\t<div class=\"elementor-widget-container\">\n\t\t\t\t\t\t\t\t\t<p>Zur Aufrechterhaltung der Funktionst\u00fcchtigkeit von Brunnen und Messstellen f\u00fchren wir regelm\u00e4\u00dfige Wartungs- und Pflegearbeiten durch.<\/p>\t\t\t\t\t\t\t\t<\/div>\n\t\t\t\t<\/div>\n\t\t\t\t\t<\/div>\n\t\t<\/div>\n\t\t\t\t\t<\/div>\n\t\t<\/section>\n\t\t\t\t\t<\/div>\n\t\t<\/div>\n\t\t\t\t\t<\/div>\n\t\t<\/section>\n\t\t\t\t<section class=\"elementor-section elementor-inner-section elementor-element elementor-element-444a217 elementor-section-content-middle elementor-reverse-tablet elementor-reverse-mobile elementor-section-boxed elementor-section-height-default elementor-section-height-default\" data-id=\"444a217\" data-element_type=\"section\" data-e-type=\"section\" data-settings=\"{&quot;background_background&quot;:&quot;classic&quot;}\">\n\t\t\t\t\t\t<div class=\"elementor-container elementor-column-gap-default\">\n\t\t\t\t\t<div class=\"elementor-column elementor-col-50 elementor-inner-column elementor-element elementor-element-22c2e3c\" data-id=\"22c2e3c\" data-element_type=\"column\" data-e-type=\"column\" data-settings=\"{&quot;background_background&quot;:&quot;classic&quot;}\">\n\t\t\t<div class=\"elementor-widget-wrap elementor-element-populated\">\n\t\t\t\t\t\t<div class=\"elementor-element elementor-element-be2137d elementor-widget elementor-widget-heading\" data-id=\"be2137d\" data-element_type=\"widget\" data-e-type=\"widget\" data-widget_type=\"heading.default\">\n\t\t\t\t<div class=\"elementor-widget-container\">\n\t\t\t\t\t<h2 class=\"elementor-heading-title elementor-size-default\">Kontrolle. \u00dcberwachung.<\/h2>\t\t\t\t<\/div>\n\t\t\t\t<\/div>\n\t\t\t\t<div class=\"elementor-element elementor-element-f7dc51a elementor-widget elementor-widget-heading\" data-id=\"f7dc51a\" data-element_type=\"widget\" data-e-type=\"widget\" data-widget_type=\"heading.default\">\n\t\t\t\t<div class=\"elementor-widget-container\">\n\t\t\t\t\t<h5 class=\"elementor-heading-title elementor-size-default\">Leistungsf\u00e4higkeit erhalten.<\/h5>\t\t\t\t<\/div>\n\t\t\t\t<\/div>\n\t\t\t\t<div class=\"elementor-element elementor-element-3e5049b elementor-widget-divider--view-line elementor-widget elementor-widget-divider\" data-id=\"3e5049b\" data-element_type=\"widget\" data-e-type=\"widget\" data-widget_type=\"divider.default\">\n\t\t\t\t<div class=\"elementor-widget-container\">\n\t\t\t\t\t\t\t<div class=\"elementor-divider\">\n\t\t\t<span class=\"elementor-divider-separator\">\n\t\t\t\t\t\t<\/span>\n\t\t<\/div>\n\t\t\t\t\t\t<\/div>\n\t\t\t\t<\/div>\n\t\t\t\t<div class=\"elementor-element elementor-element-f7e8c94 elementor-widget elementor-widget-text-editor\" data-id=\"f7e8c94\" data-element_type=\"widget\" data-e-type=\"widget\" data-widget_type=\"text-editor.default\">\n\t\t\t\t<div class=\"elementor-widget-container\">\n\t\t\t\t\t\t\t\t\t<p style=\"text-align: center;\">Wartung und Service hat bei uns einen sehr hohen Stellenwert. Ob bei der Planung Ihres Projektes oder in der sp\u00e4teren Ausf\u00fchrung. Wir stehen an Ihrer Seite und l\u00f6sen mit unserer Kompetenz und langj\u00e4hrigen Erfahrung die uns gestellten Aufgaben. Auch im Kleinen.<\/p><p style=\"text-align: center;\">Dies ist ein Versprechen an Sie.<\/p>\t\t\t\t\t\t\t\t<\/div>\n\t\t\t\t<\/div>\n\t\t\t\t\t<\/div>\n\t\t<\/div>\n\t\t\t\t<div class=\"elementor-column elementor-col-50 elementor-inner-column elementor-element elementor-element-d9e287e\" data-id=\"d9e287e\" data-element_type=\"column\" data-e-type=\"column\">\n\t\t\t<div class=\"elementor-widget-wrap elementor-element-populated\">\n\t\t\t\t\t\t<div class=\"elementor-element elementor-element-d7a0ec9 elementor--h-position-center elementor--v-position-middle elementor-arrows-position-inside elementor-pagination-position-inside elementor-widget elementor-widget-slides\" data-id=\"d7a0ec9\" data-element_type=\"widget\" data-e-type=\"widget\" data-settings=\"{&quot;navigation&quot;:&quot;both&quot;,&quot;autoplay&quot;:&quot;yes&quot;,&quot;pause_on_hover&quot;:&quot;yes&quot;,&quot;pause_on_interaction&quot;:&quot;yes&quot;,&quot;autoplay_speed&quot;:5000,&quot;infinite&quot;:&quot;yes&quot;,&quot;transition&quot;:&quot;slide&quot;,&quot;transition_speed&quot;:500}\" data-widget_type=\"slides.default\">\n\t\t\t\t<div class=\"elementor-widget-container\">\n\t\t\t\t\t\t\t<div class=\"elementor-swiper\">\n\t\t\t<div class=\"elementor-slides-wrapper elementor-main-swiper swiper-container\" dir=\"ltr\" data-animation=\"fadeInUp\">\n\t\t\t\t<div class=\"swiper-wrapper elementor-slides\">\n\t\t\t\t\t<div class=\"elementor-repeater-item-d728723 swiper-slide\"><div class=\"swiper-slide-bg\"><\/div><div class=\"swiper-slide-inner\" ><div class=\"swiper-slide-contents\"><\/div><\/div><\/div><div class=\"elementor-repeater-item-ba64464 swiper-slide\"><div class=\"swiper-slide-bg\"><\/div><div class=\"swiper-slide-inner\" ><div class=\"swiper-slide-contents\"><\/div><\/div><\/div><div class=\"elementor-repeater-item-c0ed34f swiper-slide\"><div class=\"swiper-slide-bg\"><\/div><div class=\"swiper-slide-inner\" ><div class=\"swiper-slide-contents\"><\/div><\/div><\/div><div class=\"elementor-repeater-item-1963a74 swiper-slide\"><div class=\"swiper-slide-bg\"><\/div><div class=\"swiper-slide-inner\" ><div class=\"swiper-slide-contents\"><\/div><\/div><\/div>\t\t\t\t<\/div>\n\t\t\t\t\t\t\t\t\t\t\t\t\t\t\t<div class=\"swiper-pagination\"><\/div>\n\t\t\t\t\t\t\t\t\t\t\t\t\t\t\t\t<div class=\"elementor-swiper-button elementor-swiper-button-prev\">\n\t\t\t\t\t\t\t<i class=\"eicon-chevron-left\" aria-hidden=\"true\"><\/i>\n\t\t\t\t\t\t\t<span class=\"elementor-screen-only\">Voriger<\/span>\n\t\t\t\t\t\t<\/div>\n\t\t\t\t\t\t<div class=\"elementor-swiper-button elementor-swiper-button-next\">\n\t\t\t\t\t\t\t<i class=\"eicon-chevron-right\" aria-hidden=\"true\"><\/i>\n\t\t\t\t\t\t\t<span class=\"elementor-screen-only\">N\u00e4chster<\/span>\n\t\t\t\t\t\t<\/div>\n\t\t\t\t\t\t\t\t\t\t\t\t<\/div>\n\t\t<\/div>\n\t\t\t\t\t\t<\/div>\n\t\t\t\t<\/div>\n\t\t\t\t\t<\/div>\n\t\t<\/div>\n\t\t\t\t\t<\/div>\n\t\t<\/section>\n\t\t\t\t<section class=\"elementor-section elementor-inner-section elementor-element elementor-element-41c35e7 elementor-section-boxed elementor-section-height-default elementor-section-height-default\" data-id=\"41c35e7\" data-element_type=\"section\" data-e-type=\"section\" data-settings=\"{&quot;background_background&quot;:&quot;classic&quot;}\">\n\t\t\t\t\t\t<div class=\"elementor-container elementor-column-gap-no\">\n\t\t\t\t\t<div class=\"elementor-column elementor-col-100 elementor-inner-column elementor-element elementor-element-dc866bb\" data-id=\"dc866bb\" data-element_type=\"column\" data-e-type=\"column\" data-settings=\"{&quot;background_background&quot;:&quot;classic&quot;}\">\n\t\t\t<div class=\"elementor-widget-wrap elementor-element-populated\">\n\t\t\t\t\t\t<div class=\"elementor-element elementor-element-7883ee7 pt-dt-th-align-left pt-dt-td-align-left elementor-widget elementor-widget-Pt-data-table\" data-id=\"7883ee7\" data-element_type=\"widget\" data-e-type=\"widget\" data-widget_type=\"Pt-data-table.default\">\n\t\t\t\t<div class=\"elementor-widget-container\">\n\t\t\t\t\t\t\t<div class=\"pt-data-table-wrap\">\r\n\t\t\t<table id=\"pt-data-table-7883ee7\" class=\"tablesorter pt-data-table\">\r\n\t\t\t    <thead>\r\n\t\t\t        <tr class=\"table-header\">\r\n\t\t\t        \t\t\t\t            <th class=\"sorting\">\r\n\t\t\t            \t\t\t\t            \t\t\t\t            \tPROJEKT\t\t\t            <\/th>\r\n\t\t\t        \t\t\t\t            <th class=\"sorting\">\r\n\t\t\t            \t\t\t\t            \t\t\t\t            \tSTAAT | STANDORT\t\t\t            <\/th>\r\n\t\t\t        \t\t\t\t            <th class=\"sorting\">\r\n\t\t\t            \t\t\t\t            \t\t\t\t            \tPDF\t\t\t            <\/th>\r\n\t\t\t        \t\t\t\t        <\/tr>\r\n\t\t\t    <\/thead>\r\n\t\t\t  \t<tbody>\r\n\t\t\t\t\t\t\t\t\t\t\t<tr>\r\n\t\t\t\t\t\t\t\t\t\t\t\t\t\t\t\t\t\t\t\t\t\t\t\t\t\t\t\t<td>Wartung und Service<\/td>\r\n\t\t\t\t\t\t\t\t\t\t\t\t\t\t\t\t\t\t\t\t\t\t\t\t\t\t\t\t\t\t\t\t\t\t\t\t\t\t\t\t\t<td><\/td>\r\n\t\t\t\t\t\t\t\t\t\t\t\t\t\t\t\t\t\t\t\t\t\t\t\t\t\t\t\t\t\t\t\t\t\t\t\t\t\t\t\t\t<td><\/td>\r\n\t\t\t\t\t\t\t\t\t\t\t\t\t\t\t\t\t\t\t\t\t\t\t\t\t\t<\/tr>\r\n\t\t\t        \t\t\t\t\t\t<tr>\r\n\t\t\t\t\t\t\t\t\t\t\t\t\t\t\t\t\t\t\t\t\t\t\t\t\t\t\t\t<td>HWW<\/td>\r\n\t\t\t\t\t\t\t\t\t\t\t\t\t\t\t\t\t\t\t\t\t\t\t\t\t\t\t\t\t\t\t\t\t\t\t\t\t\t\t\t\t<td>Deutschland | Hamburg<\/td>\r\n\t\t\t\t\t\t\t\t\t\t\t\t\t\t\t\t\t\t\t\t\t\t\t\t\t\t\t\t\t\t\t\t\t\t\t\t\t\t\t\t\t<td>\r\n\t\t\t\t\t\t\t\t\t\t\t\t<a href=\"https:\/\/nord-bb.wp.ims.de\/wp-content\/uploads\/2020\/05\/HWW-Pegelpflege-HWW-1.pdf\" target=\"_blank\" rel=\"nofollow\">HWW 16-18<\/a>\r\n\t\t\t\t\t\t\t\t\t\t\t<\/td>\r\n\t\t\t\t\t\t\t\t\t\t\t\t\t\t\t\t\t\t\t\t\t\t\t\t\t\t<\/tr>\r\n\t\t\t        \t\t\t\t\t\t<tr>\r\n\t\t\t\t\t\t\t\t\t\t\t\t\t\t\t\t\t\t\t\t\t\t\t\t\t\t\t\t<td>WW Oeversee<\/td>\r\n\t\t\t\t\t\t\t\t\t\t\t\t\t\t\t\t\t\t\t\t\t\t\t\t\t\t\t\t\t\t\t\t\t\t\t\t\t\t\t\t\t<td>Deutschland | Oeversee<\/td>\r\n\t\t\t\t\t\t\t\t\t\t\t\t\t\t\t\t\t\t\t\t\t\t\t\t\t\t\t\t\t\t\t\t\t\t\t\t\t\t\t\t\t<td>\r\n\t\t\t\t\t\t\t\t\t\t\t\t<a href=\"https:\/\/nord-bb.wp.ims.de\/wp-content\/uploads\/2020\/05\/HWW-Pegelpflege-HWW-1.pdf\" target=\"_blank\" rel=\"nofollow\">WW Oeversee<\/a>\r\n\t\t\t\t\t\t\t\t\t\t\t<\/td>\r\n\t\t\t\t\t\t\t\t\t\t\t\t\t\t\t\t\t\t\t\t\t\t\t\t\t\t<\/tr>\r\n\t\t\t        \t\t\t\t\t\t<tr>\r\n\t\t\t\t\t\t\t\t\t\t\t\t\t\t\t\t\t\t\t\t\t\t\t\t\t\t\t\t<td>LKN<\/td>\r\n\t\t\t\t\t\t\t\t\t\t\t\t\t\t\t\t\t\t\t\t\t\t\t\t\t\t\t\t\t\t\t\t\t\t\t\t\t\t\t\t\t<td>Deutschland | Rendsburg<\/td>\r\n\t\t\t\t\t\t\t\t\t\t\t\t\t\t\t\t\t\t\t\t\t\t\t\t\t\t\t\t\t\t\t\t\t\t\t\t\t\t\t\t\t<td>\r\n\t\t\t\t\t\t\t\t\t\t\t\t<a href=\"https:\/\/nord-bb.wp.ims.de\/wp-content\/uploads\/2020\/05\/Rendsburg-Pegelplege-1.pdf\" target=\"_blank\" rel=\"nofollow\">LKN<\/a>\r\n\t\t\t\t\t\t\t\t\t\t\t<\/td>\r\n\t\t\t\t\t\t\t\t\t\t\t\t\t\t\t\t\t\t\t\t\t\t\t\t\t\t<\/tr>\r\n\t\t\t        \t\t\t\t\t\t<tr>\r\n\t\t\t\t\t\t\t\t\t\t\t\t\t\t\t\t\t\t\t\t\t\t\t\t\t\t\t\t<td>Berger Nigeria PLC<\/td>\r\n\t\t\t\t\t\t\t\t\t\t\t\t\t\t\t\t\t\t\t\t\t\t\t\t\t\t\t\t\t\t\t\t\t\t\t\t\t\t\t\t\t<td>Nigeria | Lagos Lekki<\/td>\r\n\t\t\t\t\t\t\t\t\t\t\t\t\t\t\t\t\t\t\t\t\t\t\t\t\t\t\t\t\t\t\t\t\t\t\t\t\t\t\t\t\t<td>\r\n\t\t\t\t\t\t\t\t\t\t\t\t<a href=\"https:\/\/nord-bb.wp.ims.de\/wp-content\/uploads\/2020\/05\/Berger-Nigeria-Sanierung.pdf\" target=\"_blank\" rel=\"nofollow\">WW1<\/a>\r\n\t\t\t\t\t\t\t\t\t\t\t<\/td>\r\n\t\t\t\t\t\t\t\t\t\t\t\t\t\t\t\t\t\t\t\t\t\t\t\t\t\t<\/tr>\r\n\t\t\t        \t\t\t    <\/tbody>\r\n\t\t\t<\/table>\r\n\t\t<\/div>\r\n\t  \t\t\t\t\t<\/div>\n\t\t\t\t<\/div>\n\t\t\t\t\t<\/div>\n\t\t<\/div>\n\t\t\t\t\t<\/div>\n\t\t<\/section>\n\t\t\t\t<\/div>\n\t\t","protected":false},"excerpt":{"rendered":"<p>Wartung und Service. Funktion und sicherheit f\u00fcr die zukunft. Um einen mittel- und langfristigen reibungslosen Betrieb von Brunnenanlagen zu gew\u00e4hrleisten und Alterungserscheinungen fr\u00fchzeitig zu erkennen, \u00fcberpr\u00fcfen wir den Zustand der Bauwerke und deren Leistungsf\u00e4higkeit nach festgesetztem zeitlichem Plan. Zur Aufrechterhaltung der Funktionst\u00fcchtigkeit von Brunnen und Messstellen f\u00fchren wir regelm\u00e4\u00dfige Wartungs- und Pflegearbeiten durch. Kontrolle. \u00dcberwachung. [&hellip;]<\/p>\n","protected":false},"author":2,"featured_media":0,"parent":52,"menu_order":0,"comment_status":"closed","ping_status":"closed","template":"elementor_header_footer","meta":{"footnotes":"","_links_to":"","_links_to_target":""},"class_list":["post-724","page","type-page","status-publish","hentry"],"yoast_head":"<!-- This site is optimized with the Yoast SEO plugin v27.3 - https:\/\/yoast.com\/product\/yoast-seo-wordpress\/ -->\n<title>Wartung und Service - NORD Bohr und Brunnenbau GmbH<\/title>\n<meta name=\"robots\" content=\"index, follow, max-snippet:-1, max-image-preview:large, max-video-preview:-1\" \/>\n<link rel=\"canonical\" href=\"https:\/\/nord-bb.wp.ims.de\/de\/leistungen\/wartung-und-service\/\" \/>\n<meta property=\"og:locale\" content=\"de_DE\" \/>\n<meta property=\"og:type\" content=\"article\" \/>\n<meta property=\"og:title\" content=\"Wartung und Service - NORD Bohr und Brunnenbau GmbH\" \/>\n<meta property=\"og:description\" content=\"Wartung und Service. Funktion und sicherheit f\u00fcr die zukunft. Um einen mittel- und langfristigen reibungslosen Betrieb von Brunnenanlagen zu gew\u00e4hrleisten und Alterungserscheinungen fr\u00fchzeitig zu erkennen, \u00fcberpr\u00fcfen wir den Zustand der Bauwerke und deren Leistungsf\u00e4higkeit nach festgesetztem zeitlichem Plan. Zur Aufrechterhaltung der Funktionst\u00fcchtigkeit von Brunnen und Messstellen f\u00fchren wir regelm\u00e4\u00dfige Wartungs- und Pflegearbeiten durch. Kontrolle. \u00dcberwachung. [&hellip;]\" \/>\n<meta property=\"og:url\" content=\"https:\/\/nord-bb.wp.ims.de\/de\/leistungen\/wartung-und-service\/\" \/>\n<meta property=\"og:site_name\" content=\"NORD Bohr und Brunnenbau GmbH\" \/>\n<meta property=\"article:modified_time\" content=\"2020-05-27T08:03:40+00:00\" \/>\n<meta name=\"twitter:card\" content=\"summary_large_image\" \/>\n<meta name=\"twitter:label1\" content=\"Gesch\u00e4tzte Lesezeit\" \/>\n\t<meta name=\"twitter:data1\" content=\"1\u00a0Minute\" \/>\n<script type=\"application\/ld+json\" class=\"yoast-schema-graph\">{\"@context\":\"https:\\\/\\\/schema.org\",\"@graph\":[{\"@type\":\"WebPage\",\"@id\":\"https:\\\/\\\/nord-bb.wp.ims.de\\\/de\\\/leistungen\\\/wartung-und-service\\\/\",\"url\":\"https:\\\/\\\/nord-bb.wp.ims.de\\\/de\\\/leistungen\\\/wartung-und-service\\\/\",\"name\":\"Wartung und Service - NORD Bohr und Brunnenbau GmbH\",\"isPartOf\":{\"@id\":\"https:\\\/\\\/nord-bb.wp.ims.de\\\/de\\\/#website\"},\"datePublished\":\"2020-03-31T12:21:49+00:00\",\"dateModified\":\"2020-05-27T08:03:40+00:00\",\"breadcrumb\":{\"@id\":\"https:\\\/\\\/nord-bb.wp.ims.de\\\/de\\\/leistungen\\\/wartung-und-service\\\/#breadcrumb\"},\"inLanguage\":\"de\",\"potentialAction\":[{\"@type\":\"ReadAction\",\"target\":[\"https:\\\/\\\/nord-bb.wp.ims.de\\\/de\\\/leistungen\\\/wartung-und-service\\\/\"]}]},{\"@type\":\"BreadcrumbList\",\"@id\":\"https:\\\/\\\/nord-bb.wp.ims.de\\\/de\\\/leistungen\\\/wartung-und-service\\\/#breadcrumb\",\"itemListElement\":[{\"@type\":\"ListItem\",\"position\":1,\"name\":\"Startseite\",\"item\":\"https:\\\/\\\/nord-bb.wp.ims.de\\\/de\\\/\"},{\"@type\":\"ListItem\",\"position\":2,\"name\":\"Leistungen\",\"item\":\"https:\\\/\\\/nord-bb.wp.ims.de\\\/de\\\/leistungen\\\/\"},{\"@type\":\"ListItem\",\"position\":3,\"name\":\"Wartung und Service\"}]},{\"@type\":\"WebSite\",\"@id\":\"https:\\\/\\\/nord-bb.wp.ims.de\\\/de\\\/#website\",\"url\":\"https:\\\/\\\/nord-bb.wp.ims.de\\\/de\\\/\",\"name\":\"NORD Bohr und Brunnenbau GmbH\",\"description\":\"Die Spezialisten f\u00fcr Bohr- und Brunnenbau-Technologien\",\"potentialAction\":[{\"@type\":\"SearchAction\",\"target\":{\"@type\":\"EntryPoint\",\"urlTemplate\":\"https:\\\/\\\/nord-bb.wp.ims.de\\\/de\\\/?s={search_term_string}\"},\"query-input\":{\"@type\":\"PropertyValueSpecification\",\"valueRequired\":true,\"valueName\":\"search_term_string\"}}],\"inLanguage\":\"de\"}]}<\/script>\n<!-- \/ Yoast SEO plugin. -->","yoast_head_json":{"title":"Wartung und Service - NORD Bohr und Brunnenbau GmbH","robots":{"index":"index","follow":"follow","max-snippet":"max-snippet:-1","max-image-preview":"max-image-preview:large","max-video-preview":"max-video-preview:-1"},"canonical":"https:\/\/nord-bb.wp.ims.de\/de\/leistungen\/wartung-und-service\/","og_locale":"de_DE","og_type":"article","og_title":"Wartung und Service - NORD Bohr und Brunnenbau GmbH","og_description":"Wartung und Service. Funktion und sicherheit f\u00fcr die zukunft. Um einen mittel- und langfristigen reibungslosen Betrieb von Brunnenanlagen zu gew\u00e4hrleisten und Alterungserscheinungen fr\u00fchzeitig zu erkennen, \u00fcberpr\u00fcfen wir den Zustand der Bauwerke und deren Leistungsf\u00e4higkeit nach festgesetztem zeitlichem Plan. Zur Aufrechterhaltung der Funktionst\u00fcchtigkeit von Brunnen und Messstellen f\u00fchren wir regelm\u00e4\u00dfige Wartungs- und Pflegearbeiten durch. Kontrolle. \u00dcberwachung. [&hellip;]","og_url":"https:\/\/nord-bb.wp.ims.de\/de\/leistungen\/wartung-und-service\/","og_site_name":"NORD Bohr und Brunnenbau GmbH","article_modified_time":"2020-05-27T08:03:40+00:00","twitter_card":"summary_large_image","twitter_misc":{"Gesch\u00e4tzte Lesezeit":"1\u00a0Minute"},"schema":{"@context":"https:\/\/schema.org","@graph":[{"@type":"WebPage","@id":"https:\/\/nord-bb.wp.ims.de\/de\/leistungen\/wartung-und-service\/","url":"https:\/\/nord-bb.wp.ims.de\/de\/leistungen\/wartung-und-service\/","name":"Wartung und Service - NORD Bohr und Brunnenbau GmbH","isPartOf":{"@id":"https:\/\/nord-bb.wp.ims.de\/de\/#website"},"datePublished":"2020-03-31T12:21:49+00:00","dateModified":"2020-05-27T08:03:40+00:00","breadcrumb":{"@id":"https:\/\/nord-bb.wp.ims.de\/de\/leistungen\/wartung-und-service\/#breadcrumb"},"inLanguage":"de","potentialAction":[{"@type":"ReadAction","target":["https:\/\/nord-bb.wp.ims.de\/de\/leistungen\/wartung-und-service\/"]}]},{"@type":"BreadcrumbList","@id":"https:\/\/nord-bb.wp.ims.de\/de\/leistungen\/wartung-und-service\/#breadcrumb","itemListElement":[{"@type":"ListItem","position":1,"name":"Startseite","item":"https:\/\/nord-bb.wp.ims.de\/de\/"},{"@type":"ListItem","position":2,"name":"Leistungen","item":"https:\/\/nord-bb.wp.ims.de\/de\/leistungen\/"},{"@type":"ListItem","position":3,"name":"Wartung und Service"}]},{"@type":"WebSite","@id":"https:\/\/nord-bb.wp.ims.de\/de\/#website","url":"https:\/\/nord-bb.wp.ims.de\/de\/","name":"NORD Bohr und Brunnenbau GmbH","description":"Die Spezialisten f\u00fcr Bohr- und Brunnenbau-Technologien","potentialAction":[{"@type":"SearchAction","target":{"@type":"EntryPoint","urlTemplate":"https:\/\/nord-bb.wp.ims.de\/de\/?s={search_term_string}"},"query-input":{"@type":"PropertyValueSpecification","valueRequired":true,"valueName":"search_term_string"}}],"inLanguage":"de"}]}},"_links":{"self":[{"href":"https:\/\/nord-bb.wp.ims.de\/de\/wp-json\/wp\/v2\/pages\/724","targetHints":{"allow":["GET"]}}],"collection":[{"href":"https:\/\/nord-bb.wp.ims.de\/de\/wp-json\/wp\/v2\/pages"}],"about":[{"href":"https:\/\/nord-bb.wp.ims.de\/de\/wp-json\/wp\/v2\/types\/page"}],"author":[{"embeddable":true,"href":"https:\/\/nord-bb.wp.ims.de\/de\/wp-json\/wp\/v2\/users\/2"}],"replies":[{"embeddable":true,"href":"https:\/\/nord-bb.wp.ims.de\/de\/wp-json\/wp\/v2\/comments?post=724"}],"version-history":[{"count":22,"href":"https:\/\/nord-bb.wp.ims.de\/de\/wp-json\/wp\/v2\/pages\/724\/revisions"}],"predecessor-version":[{"id":1518,"href":"https:\/\/nord-bb.wp.ims.de\/de\/wp-json\/wp\/v2\/pages\/724\/revisions\/1518"}],"up":[{"embeddable":true,"href":"https:\/\/nord-bb.wp.ims.de\/de\/wp-json\/wp\/v2\/pages\/52"}],"wp:attachment":[{"href":"https:\/\/nord-bb.wp.ims.de\/de\/wp-json\/wp\/v2\/media?parent=724"}],"curies":[{"name":"wp","href":"https:\/\/api.w.org\/{rel}","templated":true}]}}