{"id":78,"date":"2020-03-31T17:02:03","date_gmt":"2020-03-31T15:02:03","guid":{"rendered":"https:\/\/nord-bb.wp.ims.de\/?page_id=78"},"modified":"2020-04-08T10:53:43","modified_gmt":"2020-04-08T08:53:43","slug":"historie","status":"publish","type":"page","link":"https:\/\/nord-bb.wp.ims.de\/de\/ueber-uns\/historie\/","title":{"rendered":"Historie"},"content":{"rendered":"\t\t<div data-elementor-type=\"wp-page\" data-elementor-id=\"78\" class=\"elementor elementor-78\">\n\t\t\t\t\t\t<section class=\"elementor-section elementor-top-section elementor-element elementor-element-b05c046 elementor-section-boxed elementor-section-height-default elementor-section-height-default\" data-id=\"b05c046\" data-element_type=\"section\" data-e-type=\"section\">\n\t\t\t\t\t\t<div class=\"elementor-container elementor-column-gap-default\">\n\t\t\t\t\t<div class=\"elementor-column elementor-col-100 elementor-top-column elementor-element elementor-element-9d21a93\" data-id=\"9d21a93\" data-element_type=\"column\" data-e-type=\"column\">\n\t\t\t<div class=\"elementor-widget-wrap elementor-element-populated\">\n\t\t\t\t\t\t<div class=\"elementor-element elementor-element-5d2f006 elementor-widget elementor-widget-heading\" data-id=\"5d2f006\" data-element_type=\"widget\" data-e-type=\"widget\" data-widget_type=\"heading.default\">\n\t\t\t\t<div class=\"elementor-widget-container\">\n\t\t\t\t\t<h1 class=\"elementor-heading-title elementor-size-default\">Historie.<\/h1>\t\t\t\t<\/div>\n\t\t\t\t<\/div>\n\t\t\t\t<div class=\"elementor-element elementor-element-c3e1102 elementor-widget elementor-widget-heading\" data-id=\"c3e1102\" data-element_type=\"widget\" data-e-type=\"widget\" data-widget_type=\"heading.default\">\n\t\t\t\t<div class=\"elementor-widget-container\">\n\t\t\t\t\t<h5 class=\"elementor-heading-title elementor-size-small\">Tradtion und Moderne.<\/h5>\t\t\t\t<\/div>\n\t\t\t\t<\/div>\n\t\t\t\t\t<\/div>\n\t\t<\/div>\n\t\t\t\t\t<\/div>\n\t\t<\/section>\n\t\t\t\t<section class=\"elementor-section elementor-top-section elementor-element elementor-element-c705d39 elementor-section-boxed elementor-section-height-default elementor-section-height-default\" data-id=\"c705d39\" data-element_type=\"section\" data-e-type=\"section\">\n\t\t\t\t\t\t<div class=\"elementor-container elementor-column-gap-default\">\n\t\t\t\t\t<div class=\"elementor-column elementor-col-50 elementor-top-column elementor-element elementor-element-10d557a\" data-id=\"10d557a\" data-element_type=\"column\" data-e-type=\"column\">\n\t\t\t<div class=\"elementor-widget-wrap elementor-element-populated\">\n\t\t\t\t\r\n<style>\r\r\n\t.pt-module-content.pt-link {\r\r\n\t\tdisplay: block;\r\r\n\t}\r\r\n<\/style><style>\r\n\t.pt-3d-ih-content .grid__item {\r\n    \twidth: 80%;\r\n\t}\r\n\t<\/style>\r\n\r\n\r\n\r\n\r\n\r\n\r\n\t\t<div class=\"elementor-element elementor-element-2032bd5 elementor-widget elementor-widget-text-editor\" data-id=\"2032bd5\" data-element_type=\"widget\" data-e-type=\"widget\" data-widget_type=\"text-editor.default\">\n\t\t\t\t<div class=\"elementor-widget-container\">\n\t\t\t\t\t\t\t\t\t<p>Wir blicken auf eine lange Tradition zur\u00fcck, die unsere Basis f\u00fcr neue und bestehende partnerschaftliche Gesch\u00e4ftsverbindungen ist. Mit modernster Technik und unseren qualifizierten, engagierten Mitarbeitern, verbunden mit unsereren DVGW-Zulassungen des Arbeitssicherheits- und Qualit\u00e4tsmanagements nach SCC** und ISO 9001, l\u00f6sen wir uns gestellte Aufgaben kompetent und zuverl\u00e4ssig.<\/p>\t\t\t\t\t\t\t\t<\/div>\n\t\t\t\t<\/div>\n\t\t\t\t\t<\/div>\n\t\t<\/div>\n\t\t\t\t<div class=\"elementor-column elementor-col-50 elementor-top-column elementor-element elementor-element-6895ba8\" data-id=\"6895ba8\" data-element_type=\"column\" data-e-type=\"column\">\n\t\t\t<div class=\"elementor-widget-wrap elementor-element-populated\">\n\t\t\t\t\t\t<div class=\"elementor-element elementor-element-15c2ed2 elementor-widget elementor-widget-text-editor\" data-id=\"15c2ed2\" data-element_type=\"widget\" data-e-type=\"widget\" data-widget_type=\"text-editor.default\">\n\t\t\t\t<div class=\"elementor-widget-container\">\n\t\t\t\t\t\t\t\t\t<p>Unser Team aus 50 engagierten und qualifizierten Mitarbeitern steht unseren nationalen und internationalen Kunden bei der L\u00f6sung ihrer Probleme und Aufgaben in allen Projektphasen zur Verf\u00fcgung. Dadurch sind wir in der Lage, komplexe Bauma\u00dfnahmen durchzuf\u00fchren. Von der Planung \u00fcber die Konzeptentwicklung bis hin zur Umsetzung \u2013 alles aus einer Hand.<\/p>\t\t\t\t\t\t\t\t<\/div>\n\t\t\t\t<\/div>\n\t\t\t\t\t<\/div>\n\t\t<\/div>\n\t\t\t\t\t<\/div>\n\t\t<\/section>\n\t\t\t\t<section class=\"elementor-section elementor-top-section elementor-element elementor-element-c6c515e elementor-section-boxed elementor-section-height-default elementor-section-height-default\" data-id=\"c6c515e\" data-element_type=\"section\" data-e-type=\"section\">\n\t\t\t\t\t\t<div class=\"elementor-container elementor-column-gap-default\">\n\t\t\t\t\t<div class=\"elementor-column elementor-col-50 elementor-top-column elementor-element elementor-element-16a27d9\" data-id=\"16a27d9\" data-element_type=\"column\" data-e-type=\"column\" data-settings=\"{&quot;background_background&quot;:&quot;classic&quot;}\">\n\t\t\t<div class=\"elementor-widget-wrap elementor-element-populated\">\n\t\t\t\t\t\t<div class=\"elementor-element elementor-element-670ecaa elementor-widget elementor-widget-heading\" data-id=\"670ecaa\" data-element_type=\"widget\" data-e-type=\"widget\" data-widget_type=\"heading.default\">\n\t\t\t\t<div class=\"elementor-widget-container\">\n\t\t\t\t\t<h2 class=\"elementor-heading-title elementor-size-default\">Erfahrung. <\/h2>\t\t\t\t<\/div>\n\t\t\t\t<\/div>\n\t\t\t\t<div class=\"elementor-element elementor-element-1721d8d elementor-widget elementor-widget-heading\" data-id=\"1721d8d\" data-element_type=\"widget\" data-e-type=\"widget\" data-widget_type=\"heading.default\">\n\t\t\t\t<div class=\"elementor-widget-container\">\n\t\t\t\t\t<h5 class=\"elementor-heading-title elementor-size-default\">Basis unserer Arbeit.<\/h5>\t\t\t\t<\/div>\n\t\t\t\t<\/div>\n\t\t\t\t<div class=\"elementor-element elementor-element-3c27227 elementor-widget-divider--view-line elementor-widget elementor-widget-divider\" data-id=\"3c27227\" data-element_type=\"widget\" data-e-type=\"widget\" data-widget_type=\"divider.default\">\n\t\t\t\t<div class=\"elementor-widget-container\">\n\t\t\t\t\t\t\t<div class=\"elementor-divider\">\n\t\t\t<span class=\"elementor-divider-separator\">\n\t\t\t\t\t\t<\/span>\n\t\t<\/div>\n\t\t\t\t\t\t<\/div>\n\t\t\t\t<\/div>\n\t\t\t\t<div class=\"elementor-element elementor-element-bf9fd7a elementor-widget elementor-widget-text-editor\" data-id=\"bf9fd7a\" data-element_type=\"widget\" data-e-type=\"widget\" data-widget_type=\"text-editor.default\">\n\t\t\t\t<div class=\"elementor-widget-container\">\n\t\t\t\t\t\t\t\t\t<p style=\"text-align: center;\">Die im Jahr 2002 gegr\u00fcndete NORD Bohr und Brunnenbau GmbH hat ihre Wurzeln im Jahre 1899, als der Fachbetrieb Hermann Loeck Deutsche Bohr- und Brunnenbau Gesellschaft gegr\u00fcndet wurde. Etliche Jahre sp\u00e4ter wurde diese von der Preussag AG \u00fcbernommen.<br \/>In den 90er Jahren entwickelte sich hieraus die Preussag Spezialtiefbau GmbH, die schnell zu einem bedeutenden Akteur am deutschen Spezialtiefbau- und Brunnenbaumarkt wurde.<\/p>\t\t\t\t\t\t\t\t<\/div>\n\t\t\t\t<\/div>\n\t\t\t\t\t<\/div>\n\t\t<\/div>\n\t\t\t\t<div class=\"elementor-column elementor-col-50 elementor-top-column elementor-element elementor-element-ea84d21\" data-id=\"ea84d21\" data-element_type=\"column\" data-e-type=\"column\">\n\t\t\t<div class=\"elementor-widget-wrap elementor-element-populated\">\n\t\t\t\t\t\t<div class=\"elementor-element elementor-element-f0faf5b elementor--h-position-center elementor--v-position-middle elementor-arrows-position-inside elementor-pagination-position-inside elementor-widget elementor-widget-slides\" data-id=\"f0faf5b\" data-element_type=\"widget\" data-e-type=\"widget\" data-settings=\"{&quot;navigation&quot;:&quot;both&quot;,&quot;autoplay&quot;:&quot;yes&quot;,&quot;pause_on_hover&quot;:&quot;yes&quot;,&quot;pause_on_interaction&quot;:&quot;yes&quot;,&quot;autoplay_speed&quot;:5000,&quot;infinite&quot;:&quot;yes&quot;,&quot;transition&quot;:&quot;slide&quot;,&quot;transition_speed&quot;:500}\" data-widget_type=\"slides.default\">\n\t\t\t\t<div class=\"elementor-widget-container\">\n\t\t\t\t\t\t\t<div class=\"elementor-swiper\">\n\t\t\t<div class=\"elementor-slides-wrapper elementor-main-swiper swiper-container\" dir=\"ltr\" data-animation=\"fadeInUp\">\n\t\t\t\t<div class=\"swiper-wrapper elementor-slides\">\n\t\t\t\t\t<div class=\"elementor-repeater-item-d728723 swiper-slide\"><div class=\"swiper-slide-bg\"><\/div><div class=\"swiper-slide-inner\" ><div class=\"swiper-slide-contents\"><\/div><\/div><\/div><div class=\"elementor-repeater-item-ba64464 swiper-slide\"><div class=\"swiper-slide-bg\"><\/div><div class=\"swiper-slide-inner\" ><div class=\"swiper-slide-contents\"><\/div><\/div><\/div><div class=\"elementor-repeater-item-c0ed34f swiper-slide\"><div class=\"swiper-slide-bg\"><\/div><div class=\"swiper-slide-inner\" ><div class=\"swiper-slide-contents\"><\/div><\/div><\/div><div class=\"elementor-repeater-item-1963a74 swiper-slide\"><div class=\"swiper-slide-bg\"><\/div><div class=\"swiper-slide-inner\" ><div class=\"swiper-slide-contents\"><\/div><\/div><\/div>\t\t\t\t<\/div>\n\t\t\t\t\t\t\t\t\t\t\t\t\t\t\t<div class=\"swiper-pagination\"><\/div>\n\t\t\t\t\t\t\t\t\t\t\t\t\t\t\t\t<div class=\"elementor-swiper-button elementor-swiper-button-prev\">\n\t\t\t\t\t\t\t<i class=\"eicon-chevron-left\" aria-hidden=\"true\"><\/i>\n\t\t\t\t\t\t\t<span class=\"elementor-screen-only\">Voriger<\/span>\n\t\t\t\t\t\t<\/div>\n\t\t\t\t\t\t<div class=\"elementor-swiper-button elementor-swiper-button-next\">\n\t\t\t\t\t\t\t<i class=\"eicon-chevron-right\" aria-hidden=\"true\"><\/i>\n\t\t\t\t\t\t\t<span class=\"elementor-screen-only\">N\u00e4chster<\/span>\n\t\t\t\t\t\t<\/div>\n\t\t\t\t\t\t\t\t\t\t\t\t<\/div>\n\t\t<\/div>\n\t\t\t\t\t\t<\/div>\n\t\t\t\t<\/div>\n\t\t\t\t\t<\/div>\n\t\t<\/div>\n\t\t\t\t\t<\/div>\n\t\t<\/section>\n\t\t\t\t<\/div>\n\t\t","protected":false},"excerpt":{"rendered":"<p>Historie. Tradtion und Moderne. Wir blicken auf eine lange Tradition zur\u00fcck, die unsere Basis f\u00fcr neue und bestehende partnerschaftliche Gesch\u00e4ftsverbindungen ist. Mit modernster Technik und unseren qualifizierten, engagierten Mitarbeitern, verbunden mit unsereren DVGW-Zulassungen des Arbeitssicherheits- und Qualit\u00e4tsmanagements nach SCC** und ISO 9001, l\u00f6sen wir uns gestellte Aufgaben kompetent und zuverl\u00e4ssig. Unser Team aus 50 engagierten [&hellip;]<\/p>\n","protected":false},"author":2,"featured_media":0,"parent":48,"menu_order":0,"comment_status":"closed","ping_status":"closed","template":"elementor_header_footer","meta":{"footnotes":"","_links_to":"","_links_to_target":""},"class_list":["post-78","page","type-page","status-publish","hentry"],"yoast_head":"<!-- This site is optimized with the Yoast SEO plugin v27.3 - https:\/\/yoast.com\/product\/yoast-seo-wordpress\/ -->\n<title>Historie - NORD Bohr und Brunnenbau GmbH<\/title>\n<meta name=\"robots\" content=\"index, follow, max-snippet:-1, max-image-preview:large, max-video-preview:-1\" \/>\n<link rel=\"canonical\" href=\"https:\/\/nord-bb.wp.ims.de\/de\/ueber-uns\/historie\/\" \/>\n<meta property=\"og:locale\" content=\"de_DE\" \/>\n<meta property=\"og:type\" content=\"article\" \/>\n<meta property=\"og:title\" content=\"Historie - NORD Bohr und Brunnenbau GmbH\" \/>\n<meta property=\"og:description\" content=\"Historie. Tradtion und Moderne. Wir blicken auf eine lange Tradition zur\u00fcck, die unsere Basis f\u00fcr neue und bestehende partnerschaftliche Gesch\u00e4ftsverbindungen ist. Mit modernster Technik und unseren qualifizierten, engagierten Mitarbeitern, verbunden mit unsereren DVGW-Zulassungen des Arbeitssicherheits- und Qualit\u00e4tsmanagements nach SCC** und ISO 9001, l\u00f6sen wir uns gestellte Aufgaben kompetent und zuverl\u00e4ssig. Unser Team aus 50 engagierten [&hellip;]\" \/>\n<meta property=\"og:url\" content=\"https:\/\/nord-bb.wp.ims.de\/de\/ueber-uns\/historie\/\" \/>\n<meta property=\"og:site_name\" content=\"NORD Bohr und Brunnenbau GmbH\" \/>\n<meta property=\"article:modified_time\" content=\"2020-04-08T08:53:43+00:00\" \/>\n<meta name=\"twitter:card\" content=\"summary_large_image\" \/>\n<meta name=\"twitter:label1\" content=\"Gesch\u00e4tzte Lesezeit\" \/>\n\t<meta name=\"twitter:data1\" content=\"1\u00a0Minute\" \/>\n<script type=\"application\/ld+json\" class=\"yoast-schema-graph\">{\"@context\":\"https:\\\/\\\/schema.org\",\"@graph\":[{\"@type\":\"WebPage\",\"@id\":\"https:\\\/\\\/nord-bb.wp.ims.de\\\/de\\\/ueber-uns\\\/historie\\\/\",\"url\":\"https:\\\/\\\/nord-bb.wp.ims.de\\\/de\\\/ueber-uns\\\/historie\\\/\",\"name\":\"Historie - NORD Bohr und Brunnenbau GmbH\",\"isPartOf\":{\"@id\":\"https:\\\/\\\/nord-bb.wp.ims.de\\\/de\\\/#website\"},\"datePublished\":\"2020-03-31T15:02:03+00:00\",\"dateModified\":\"2020-04-08T08:53:43+00:00\",\"breadcrumb\":{\"@id\":\"https:\\\/\\\/nord-bb.wp.ims.de\\\/de\\\/ueber-uns\\\/historie\\\/#breadcrumb\"},\"inLanguage\":\"de\",\"potentialAction\":[{\"@type\":\"ReadAction\",\"target\":[\"https:\\\/\\\/nord-bb.wp.ims.de\\\/de\\\/ueber-uns\\\/historie\\\/\"]}]},{\"@type\":\"BreadcrumbList\",\"@id\":\"https:\\\/\\\/nord-bb.wp.ims.de\\\/de\\\/ueber-uns\\\/historie\\\/#breadcrumb\",\"itemListElement\":[{\"@type\":\"ListItem\",\"position\":1,\"name\":\"Startseite\",\"item\":\"https:\\\/\\\/nord-bb.wp.ims.de\\\/de\\\/\"},{\"@type\":\"ListItem\",\"position\":2,\"name\":\"\u00dcber uns\",\"item\":\"https:\\\/\\\/nord-bb.wp.ims.de\\\/de\\\/ueber-uns\\\/\"},{\"@type\":\"ListItem\",\"position\":3,\"name\":\"Historie\"}]},{\"@type\":\"WebSite\",\"@id\":\"https:\\\/\\\/nord-bb.wp.ims.de\\\/de\\\/#website\",\"url\":\"https:\\\/\\\/nord-bb.wp.ims.de\\\/de\\\/\",\"name\":\"NORD Bohr und Brunnenbau GmbH\",\"description\":\"Die Spezialisten f\u00fcr Bohr- und Brunnenbau-Technologien\",\"potentialAction\":[{\"@type\":\"SearchAction\",\"target\":{\"@type\":\"EntryPoint\",\"urlTemplate\":\"https:\\\/\\\/nord-bb.wp.ims.de\\\/de\\\/?s={search_term_string}\"},\"query-input\":{\"@type\":\"PropertyValueSpecification\",\"valueRequired\":true,\"valueName\":\"search_term_string\"}}],\"inLanguage\":\"de\"}]}<\/script>\n<!-- \/ Yoast SEO plugin. -->","yoast_head_json":{"title":"Historie - NORD Bohr und Brunnenbau GmbH","robots":{"index":"index","follow":"follow","max-snippet":"max-snippet:-1","max-image-preview":"max-image-preview:large","max-video-preview":"max-video-preview:-1"},"canonical":"https:\/\/nord-bb.wp.ims.de\/de\/ueber-uns\/historie\/","og_locale":"de_DE","og_type":"article","og_title":"Historie - NORD Bohr und Brunnenbau GmbH","og_description":"Historie. Tradtion und Moderne. Wir blicken auf eine lange Tradition zur\u00fcck, die unsere Basis f\u00fcr neue und bestehende partnerschaftliche Gesch\u00e4ftsverbindungen ist. Mit modernster Technik und unseren qualifizierten, engagierten Mitarbeitern, verbunden mit unsereren DVGW-Zulassungen des Arbeitssicherheits- und Qualit\u00e4tsmanagements nach SCC** und ISO 9001, l\u00f6sen wir uns gestellte Aufgaben kompetent und zuverl\u00e4ssig. Unser Team aus 50 engagierten [&hellip;]","og_url":"https:\/\/nord-bb.wp.ims.de\/de\/ueber-uns\/historie\/","og_site_name":"NORD Bohr und Brunnenbau GmbH","article_modified_time":"2020-04-08T08:53:43+00:00","twitter_card":"summary_large_image","twitter_misc":{"Gesch\u00e4tzte Lesezeit":"1\u00a0Minute"},"schema":{"@context":"https:\/\/schema.org","@graph":[{"@type":"WebPage","@id":"https:\/\/nord-bb.wp.ims.de\/de\/ueber-uns\/historie\/","url":"https:\/\/nord-bb.wp.ims.de\/de\/ueber-uns\/historie\/","name":"Historie - NORD Bohr und Brunnenbau GmbH","isPartOf":{"@id":"https:\/\/nord-bb.wp.ims.de\/de\/#website"},"datePublished":"2020-03-31T15:02:03+00:00","dateModified":"2020-04-08T08:53:43+00:00","breadcrumb":{"@id":"https:\/\/nord-bb.wp.ims.de\/de\/ueber-uns\/historie\/#breadcrumb"},"inLanguage":"de","potentialAction":[{"@type":"ReadAction","target":["https:\/\/nord-bb.wp.ims.de\/de\/ueber-uns\/historie\/"]}]},{"@type":"BreadcrumbList","@id":"https:\/\/nord-bb.wp.ims.de\/de\/ueber-uns\/historie\/#breadcrumb","itemListElement":[{"@type":"ListItem","position":1,"name":"Startseite","item":"https:\/\/nord-bb.wp.ims.de\/de\/"},{"@type":"ListItem","position":2,"name":"\u00dcber uns","item":"https:\/\/nord-bb.wp.ims.de\/de\/ueber-uns\/"},{"@type":"ListItem","position":3,"name":"Historie"}]},{"@type":"WebSite","@id":"https:\/\/nord-bb.wp.ims.de\/de\/#website","url":"https:\/\/nord-bb.wp.ims.de\/de\/","name":"NORD Bohr und Brunnenbau GmbH","description":"Die Spezialisten f\u00fcr Bohr- und Brunnenbau-Technologien","potentialAction":[{"@type":"SearchAction","target":{"@type":"EntryPoint","urlTemplate":"https:\/\/nord-bb.wp.ims.de\/de\/?s={search_term_string}"},"query-input":{"@type":"PropertyValueSpecification","valueRequired":true,"valueName":"search_term_string"}}],"inLanguage":"de"}]}},"_links":{"self":[{"href":"https:\/\/nord-bb.wp.ims.de\/de\/wp-json\/wp\/v2\/pages\/78","targetHints":{"allow":["GET"]}}],"collection":[{"href":"https:\/\/nord-bb.wp.ims.de\/de\/wp-json\/wp\/v2\/pages"}],"about":[{"href":"https:\/\/nord-bb.wp.ims.de\/de\/wp-json\/wp\/v2\/types\/page"}],"author":[{"embeddable":true,"href":"https:\/\/nord-bb.wp.ims.de\/de\/wp-json\/wp\/v2\/users\/2"}],"replies":[{"embeddable":true,"href":"https:\/\/nord-bb.wp.ims.de\/de\/wp-json\/wp\/v2\/comments?post=78"}],"version-history":[{"count":18,"href":"https:\/\/nord-bb.wp.ims.de\/de\/wp-json\/wp\/v2\/pages\/78\/revisions"}],"predecessor-version":[{"id":1387,"href":"https:\/\/nord-bb.wp.ims.de\/de\/wp-json\/wp\/v2\/pages\/78\/revisions\/1387"}],"up":[{"embeddable":true,"href":"https:\/\/nord-bb.wp.ims.de\/de\/wp-json\/wp\/v2\/pages\/48"}],"wp:attachment":[{"href":"https:\/\/nord-bb.wp.ims.de\/de\/wp-json\/wp\/v2\/media?parent=78"}],"curies":[{"name":"wp","href":"https:\/\/api.w.org\/{rel}","templated":true}]}}