{"id":80,"date":"2020-03-31T17:03:06","date_gmt":"2020-03-31T15:03:06","guid":{"rendered":"https:\/\/nord-bb.wp.ims.de\/?page_id=80"},"modified":"2020-04-02T10:17:05","modified_gmt":"2020-04-02T08:17:05","slug":"team","status":"publish","type":"page","link":"https:\/\/nord-bb.wp.ims.de\/de\/ueber-uns\/team\/","title":{"rendered":"Team"},"content":{"rendered":"\t\t<div data-elementor-type=\"wp-post\" data-elementor-id=\"80\" class=\"elementor elementor-80\">\n\t\t\t\t\t\t<section class=\"elementor-section elementor-top-section elementor-element elementor-element-87e44c1 elementor-section-boxed elementor-section-height-default elementor-section-height-default\" data-id=\"87e44c1\" data-element_type=\"section\" data-e-type=\"section\">\n\t\t\t\t\t\t<div class=\"elementor-container elementor-column-gap-default\">\n\t\t\t\t\t<div class=\"elementor-column elementor-col-100 elementor-top-column elementor-element elementor-element-c9ac92b\" data-id=\"c9ac92b\" data-element_type=\"column\" data-e-type=\"column\">\n\t\t\t<div class=\"elementor-widget-wrap elementor-element-populated\">\n\t\t\t\t\t\t<div class=\"elementor-element elementor-element-a3810ea elementor-widget elementor-widget-heading\" data-id=\"a3810ea\" data-element_type=\"widget\" data-e-type=\"widget\" data-widget_type=\"heading.default\">\n\t\t\t\t<div class=\"elementor-widget-container\">\n\t\t\t\t\t<h1 class=\"elementor-heading-title elementor-size-default\">NBB. Ein Team.<\/h1>\t\t\t\t<\/div>\n\t\t\t\t<\/div>\n\t\t\t\t<div class=\"elementor-element elementor-element-381a36f elementor-widget elementor-widget-heading\" data-id=\"381a36f\" data-element_type=\"widget\" data-e-type=\"widget\" data-widget_type=\"heading.default\">\n\t\t\t\t<div class=\"elementor-widget-container\">\n\t\t\t\t\t<h5 class=\"elementor-heading-title elementor-size-small\">basis unseres erfolges.<\/h5>\t\t\t\t<\/div>\n\t\t\t\t<\/div>\n\t\t\t\t<section class=\"elementor-section elementor-inner-section elementor-element elementor-element-406b5ea elementor-section-boxed elementor-section-height-default elementor-section-height-default\" data-id=\"406b5ea\" data-element_type=\"section\" data-e-type=\"section\">\n\t\t\t\t\t\t<div class=\"elementor-container elementor-column-gap-default\">\n\t\t\t\t\t<div class=\"elementor-column elementor-col-50 elementor-inner-column elementor-element elementor-element-903f7b7\" data-id=\"903f7b7\" data-element_type=\"column\" data-e-type=\"column\">\n\t\t\t<div class=\"elementor-widget-wrap elementor-element-populated\">\n\t\t\t\t\r\n<style>\r\r\n\t.pt-module-content.pt-link {\r\r\n\t\tdisplay: block;\r\r\n\t}\r\r\n<\/style><style>\r\n\t.pt-3d-ih-content .grid__item {\r\n    \twidth: 80%;\r\n\t}\r\n\t<\/style>\r\n\r\n\r\n\r\n\r\n\r\n\r\n\t\t<div class=\"elementor-element elementor-element-dd4d8a3 elementor-widget elementor-widget-text-editor\" data-id=\"dd4d8a3\" data-element_type=\"widget\" data-e-type=\"widget\" data-widget_type=\"text-editor.default\">\n\t\t\t\t<div class=\"elementor-widget-container\">\n\t\t\t\t\t\t\t\t\t<div class=\"elementor-element elementor-element-a326c5d elementor-widget elementor-widget-text-editor\" data-id=\"a326c5d\" data-element_type=\"widget\" data-widget_type=\"text-editor.default\"><div class=\"elementor-widget-container\"><div class=\"elementor-text-editor elementor-clearfix\"><p>Unser Team aus 50 engagierten und qualifizierten Mitarbeitern steht unseren nationalen und internationalen Kunden bei der L\u00f6sung ihrer Probleme und Aufgaben in allen Projektphasen zur Verf\u00fcgung. Dadurch sind wir in der Lage, komplexe Bauma\u00dfnahmen durchzuf\u00fchren. Von der Planung \u00fcber die Konzeptentwicklung bis hin zur Umsetzung &#8211; alles aus einer Hand.<\/p><\/div><\/div><\/div>\t\t\t\t\t\t\t\t<\/div>\n\t\t\t\t<\/div>\n\t\t\t\t\t<\/div>\n\t\t<\/div>\n\t\t\t\t<div class=\"elementor-column elementor-col-50 elementor-inner-column elementor-element elementor-element-870a96c\" data-id=\"870a96c\" data-element_type=\"column\" data-e-type=\"column\">\n\t\t\t<div class=\"elementor-widget-wrap elementor-element-populated\">\n\t\t\t\t\t\t<div class=\"elementor-element elementor-element-d095398 elementor-widget elementor-widget-text-editor\" data-id=\"d095398\" data-element_type=\"widget\" data-e-type=\"widget\" data-widget_type=\"text-editor.default\">\n\t\t\t\t<div class=\"elementor-widget-container\">\n\t\t\t\t\t\t\t\t\t<p>Aufgeschlossenheit f\u00fcr Partnerschaften zur perfekten L\u00f6sung komplexer, anspruchsvoller und weitreichender Projekte.<\/p><p>Dies ist die Basis unseres Erfolges. Gestern, heute und morgen.<\/p>\t\t\t\t\t\t\t\t<\/div>\n\t\t\t\t<\/div>\n\t\t\t\t\t<\/div>\n\t\t<\/div>\n\t\t\t\t\t<\/div>\n\t\t<\/section>\n\t\t\t\t\t<\/div>\n\t\t<\/div>\n\t\t\t\t\t<\/div>\n\t\t<\/section>\n\t\t\t\t<section class=\"elementor-section elementor-top-section elementor-element elementor-element-249d2a8 elementor-section-boxed elementor-section-height-default elementor-section-height-default\" data-id=\"249d2a8\" data-element_type=\"section\" data-e-type=\"section\">\n\t\t\t\t\t\t<div class=\"elementor-container elementor-column-gap-default\">\n\t\t\t\t\t<div class=\"elementor-column elementor-col-50 elementor-top-column elementor-element elementor-element-e759952\" data-id=\"e759952\" data-element_type=\"column\" data-e-type=\"column\" data-settings=\"{&quot;background_background&quot;:&quot;classic&quot;}\">\n\t\t\t<div class=\"elementor-widget-wrap elementor-element-populated\">\n\t\t\t\t\t\t<div class=\"elementor-element elementor-element-b4bdd7f elementor-widget elementor-widget-heading\" data-id=\"b4bdd7f\" data-element_type=\"widget\" data-e-type=\"widget\" data-widget_type=\"heading.default\">\n\t\t\t\t<div class=\"elementor-widget-container\">\n\t\t\t\t\t<h2 class=\"elementor-heading-title elementor-size-default\">Wir im Einsatz.<\/h2>\t\t\t\t<\/div>\n\t\t\t\t<\/div>\n\t\t\t\t<div class=\"elementor-element elementor-element-9dc88ca elementor-widget elementor-widget-heading\" data-id=\"9dc88ca\" data-element_type=\"widget\" data-e-type=\"widget\" data-widget_type=\"heading.default\">\n\t\t\t\t<div class=\"elementor-widget-container\">\n\t\t\t\t\t<h5 class=\"elementor-heading-title elementor-size-default\">Echte Profis. Ohne Wenn und Aber. <\/h5>\t\t\t\t<\/div>\n\t\t\t\t<\/div>\n\t\t\t\t<div class=\"elementor-element elementor-element-e77a784 elementor-widget-divider--view-line elementor-widget elementor-widget-divider\" data-id=\"e77a784\" data-element_type=\"widget\" data-e-type=\"widget\" data-widget_type=\"divider.default\">\n\t\t\t\t<div class=\"elementor-widget-container\">\n\t\t\t\t\t\t\t<div class=\"elementor-divider\">\n\t\t\t<span class=\"elementor-divider-separator\">\n\t\t\t\t\t\t<\/span>\n\t\t<\/div>\n\t\t\t\t\t\t<\/div>\n\t\t\t\t<\/div>\n\t\t\t\t<div class=\"elementor-element elementor-element-7c8732b elementor-widget elementor-widget-text-editor\" data-id=\"7c8732b\" data-element_type=\"widget\" data-e-type=\"widget\" data-widget_type=\"text-editor.default\">\n\t\t\t\t<div class=\"elementor-widget-container\">\n\t\t\t\t\t\t\t\t\t<p style=\"text-align: center;\">NBB. Ein starker Partner an Ihrer Seite. National und International. In der Welt von Bohr- und Brunnenbau sind wir zu Hause. Wir k\u00f6nnen uns flexibel an die wandelnden Anforderungen der Aufgaben und der Kundenbed\u00fcrfnisse mit unserer langj\u00e4hrigen Kompetenz anpassen und entsprechende L\u00f6sungen anbieten.<\/p>\t\t\t\t\t\t\t\t<\/div>\n\t\t\t\t<\/div>\n\t\t\t\t\t<\/div>\n\t\t<\/div>\n\t\t\t\t<div class=\"elementor-column elementor-col-50 elementor-top-column elementor-element elementor-element-0cd1012\" data-id=\"0cd1012\" data-element_type=\"column\" data-e-type=\"column\">\n\t\t\t<div class=\"elementor-widget-wrap elementor-element-populated\">\n\t\t\t\t\t\t<div class=\"elementor-element elementor-element-ce2f438 elementor--h-position-center elementor--v-position-middle elementor-arrows-position-inside elementor-pagination-position-inside elementor-widget elementor-widget-slides\" data-id=\"ce2f438\" data-element_type=\"widget\" data-e-type=\"widget\" data-settings=\"{&quot;navigation&quot;:&quot;both&quot;,&quot;autoplay&quot;:&quot;yes&quot;,&quot;pause_on_hover&quot;:&quot;yes&quot;,&quot;pause_on_interaction&quot;:&quot;yes&quot;,&quot;autoplay_speed&quot;:5000,&quot;infinite&quot;:&quot;yes&quot;,&quot;transition&quot;:&quot;slide&quot;,&quot;transition_speed&quot;:500}\" data-widget_type=\"slides.default\">\n\t\t\t\t<div class=\"elementor-widget-container\">\n\t\t\t\t\t\t\t<div class=\"elementor-swiper\">\n\t\t\t<div class=\"elementor-slides-wrapper elementor-main-swiper swiper-container\" dir=\"ltr\" data-animation=\"fadeInUp\">\n\t\t\t\t<div class=\"swiper-wrapper elementor-slides\">\n\t\t\t\t\t<div class=\"elementor-repeater-item-acdb01b swiper-slide\"><div class=\"swiper-slide-bg\"><\/div><div class=\"swiper-slide-inner\" ><div class=\"swiper-slide-contents\"><\/div><\/div><\/div><div class=\"elementor-repeater-item-bc02880 swiper-slide\"><div class=\"swiper-slide-bg\"><\/div><div class=\"swiper-slide-inner\" ><div class=\"swiper-slide-contents\"><\/div><\/div><\/div><div class=\"elementor-repeater-item-77c5cdb swiper-slide\"><div class=\"swiper-slide-bg\"><\/div><div class=\"swiper-slide-inner\" ><div class=\"swiper-slide-contents\"><\/div><\/div><\/div><div class=\"elementor-repeater-item-d728723 swiper-slide\"><div class=\"swiper-slide-bg\"><\/div><div class=\"swiper-slide-inner\" ><div class=\"swiper-slide-contents\"><\/div><\/div><\/div>\t\t\t\t<\/div>\n\t\t\t\t\t\t\t\t\t\t\t\t\t\t\t<div class=\"swiper-pagination\"><\/div>\n\t\t\t\t\t\t\t\t\t\t\t\t\t\t\t\t<div class=\"elementor-swiper-button elementor-swiper-button-prev\">\n\t\t\t\t\t\t\t<i class=\"eicon-chevron-left\" aria-hidden=\"true\"><\/i>\n\t\t\t\t\t\t\t<span class=\"elementor-screen-only\">Voriger<\/span>\n\t\t\t\t\t\t<\/div>\n\t\t\t\t\t\t<div class=\"elementor-swiper-button elementor-swiper-button-next\">\n\t\t\t\t\t\t\t<i class=\"eicon-chevron-right\" aria-hidden=\"true\"><\/i>\n\t\t\t\t\t\t\t<span class=\"elementor-screen-only\">N\u00e4chster<\/span>\n\t\t\t\t\t\t<\/div>\n\t\t\t\t\t\t\t\t\t\t\t\t<\/div>\n\t\t<\/div>\n\t\t\t\t\t\t<\/div>\n\t\t\t\t<\/div>\n\t\t\t\t\t<\/div>\n\t\t<\/div>\n\t\t\t\t\t<\/div>\n\t\t<\/section>\n\t\t\t\t<\/div>\n\t\t","protected":false},"excerpt":{"rendered":"<p>NBB. Ein Team. basis unseres erfolges. Unser Team aus 50 engagierten und qualifizierten Mitarbeitern steht unseren nationalen und internationalen Kunden bei der L\u00f6sung ihrer Probleme und Aufgaben in allen Projektphasen zur Verf\u00fcgung. Dadurch sind wir in der Lage, komplexe Bauma\u00dfnahmen durchzuf\u00fchren. Von der Planung \u00fcber die Konzeptentwicklung bis hin zur Umsetzung &#8211; alles aus einer [&hellip;]<\/p>\n","protected":false},"author":2,"featured_media":0,"parent":48,"menu_order":3,"comment_status":"closed","ping_status":"closed","template":"elementor_header_footer","meta":{"footnotes":"","_links_to":"","_links_to_target":""},"class_list":["post-80","page","type-page","status-publish","hentry"],"yoast_head":"<!-- This site is optimized with the Yoast SEO plugin v27.3 - https:\/\/yoast.com\/product\/yoast-seo-wordpress\/ -->\n<title>Team - NORD Bohr und Brunnenbau GmbH<\/title>\n<meta name=\"robots\" content=\"index, follow, max-snippet:-1, max-image-preview:large, max-video-preview:-1\" \/>\n<link rel=\"canonical\" href=\"https:\/\/nord-bb.wp.ims.de\/de\/ueber-uns\/team\/\" \/>\n<meta property=\"og:locale\" content=\"de_DE\" \/>\n<meta property=\"og:type\" content=\"article\" \/>\n<meta property=\"og:title\" content=\"Team - NORD Bohr und Brunnenbau GmbH\" \/>\n<meta property=\"og:description\" content=\"NBB. Ein Team. basis unseres erfolges. Unser Team aus 50 engagierten und qualifizierten Mitarbeitern steht unseren nationalen und internationalen Kunden bei der L\u00f6sung ihrer Probleme und Aufgaben in allen Projektphasen zur Verf\u00fcgung. Dadurch sind wir in der Lage, komplexe Bauma\u00dfnahmen durchzuf\u00fchren. Von der Planung \u00fcber die Konzeptentwicklung bis hin zur Umsetzung &#8211; alles aus einer [&hellip;]\" \/>\n<meta property=\"og:url\" content=\"https:\/\/nord-bb.wp.ims.de\/de\/ueber-uns\/team\/\" \/>\n<meta property=\"og:site_name\" content=\"NORD Bohr und Brunnenbau GmbH\" \/>\n<meta property=\"article:modified_time\" content=\"2020-04-02T08:17:05+00:00\" \/>\n<meta name=\"twitter:card\" content=\"summary_large_image\" \/>\n<meta name=\"twitter:label1\" content=\"Gesch\u00e4tzte Lesezeit\" \/>\n\t<meta name=\"twitter:data1\" content=\"1\u00a0Minute\" \/>\n<script type=\"application\/ld+json\" class=\"yoast-schema-graph\">{\"@context\":\"https:\\\/\\\/schema.org\",\"@graph\":[{\"@type\":\"WebPage\",\"@id\":\"https:\\\/\\\/nord-bb.wp.ims.de\\\/de\\\/ueber-uns\\\/team\\\/\",\"url\":\"https:\\\/\\\/nord-bb.wp.ims.de\\\/de\\\/ueber-uns\\\/team\\\/\",\"name\":\"Team - NORD Bohr und Brunnenbau GmbH\",\"isPartOf\":{\"@id\":\"https:\\\/\\\/nord-bb.wp.ims.de\\\/de\\\/#website\"},\"datePublished\":\"2020-03-31T15:03:06+00:00\",\"dateModified\":\"2020-04-02T08:17:05+00:00\",\"breadcrumb\":{\"@id\":\"https:\\\/\\\/nord-bb.wp.ims.de\\\/de\\\/ueber-uns\\\/team\\\/#breadcrumb\"},\"inLanguage\":\"de\",\"potentialAction\":[{\"@type\":\"ReadAction\",\"target\":[\"https:\\\/\\\/nord-bb.wp.ims.de\\\/de\\\/ueber-uns\\\/team\\\/\"]}]},{\"@type\":\"BreadcrumbList\",\"@id\":\"https:\\\/\\\/nord-bb.wp.ims.de\\\/de\\\/ueber-uns\\\/team\\\/#breadcrumb\",\"itemListElement\":[{\"@type\":\"ListItem\",\"position\":1,\"name\":\"Startseite\",\"item\":\"https:\\\/\\\/nord-bb.wp.ims.de\\\/de\\\/\"},{\"@type\":\"ListItem\",\"position\":2,\"name\":\"\u00dcber uns\",\"item\":\"https:\\\/\\\/nord-bb.wp.ims.de\\\/de\\\/ueber-uns\\\/\"},{\"@type\":\"ListItem\",\"position\":3,\"name\":\"Team\"}]},{\"@type\":\"WebSite\",\"@id\":\"https:\\\/\\\/nord-bb.wp.ims.de\\\/de\\\/#website\",\"url\":\"https:\\\/\\\/nord-bb.wp.ims.de\\\/de\\\/\",\"name\":\"NORD Bohr und Brunnenbau GmbH\",\"description\":\"Die Spezialisten f\u00fcr Bohr- und Brunnenbau-Technologien\",\"potentialAction\":[{\"@type\":\"SearchAction\",\"target\":{\"@type\":\"EntryPoint\",\"urlTemplate\":\"https:\\\/\\\/nord-bb.wp.ims.de\\\/de\\\/?s={search_term_string}\"},\"query-input\":{\"@type\":\"PropertyValueSpecification\",\"valueRequired\":true,\"valueName\":\"search_term_string\"}}],\"inLanguage\":\"de\"}]}<\/script>\n<!-- \/ Yoast SEO plugin. -->","yoast_head_json":{"title":"Team - NORD Bohr und Brunnenbau GmbH","robots":{"index":"index","follow":"follow","max-snippet":"max-snippet:-1","max-image-preview":"max-image-preview:large","max-video-preview":"max-video-preview:-1"},"canonical":"https:\/\/nord-bb.wp.ims.de\/de\/ueber-uns\/team\/","og_locale":"de_DE","og_type":"article","og_title":"Team - NORD Bohr und Brunnenbau GmbH","og_description":"NBB. Ein Team. basis unseres erfolges. Unser Team aus 50 engagierten und qualifizierten Mitarbeitern steht unseren nationalen und internationalen Kunden bei der L\u00f6sung ihrer Probleme und Aufgaben in allen Projektphasen zur Verf\u00fcgung. Dadurch sind wir in der Lage, komplexe Bauma\u00dfnahmen durchzuf\u00fchren. Von der Planung \u00fcber die Konzeptentwicklung bis hin zur Umsetzung &#8211; alles aus einer [&hellip;]","og_url":"https:\/\/nord-bb.wp.ims.de\/de\/ueber-uns\/team\/","og_site_name":"NORD Bohr und Brunnenbau GmbH","article_modified_time":"2020-04-02T08:17:05+00:00","twitter_card":"summary_large_image","twitter_misc":{"Gesch\u00e4tzte Lesezeit":"1\u00a0Minute"},"schema":{"@context":"https:\/\/schema.org","@graph":[{"@type":"WebPage","@id":"https:\/\/nord-bb.wp.ims.de\/de\/ueber-uns\/team\/","url":"https:\/\/nord-bb.wp.ims.de\/de\/ueber-uns\/team\/","name":"Team - NORD Bohr und Brunnenbau GmbH","isPartOf":{"@id":"https:\/\/nord-bb.wp.ims.de\/de\/#website"},"datePublished":"2020-03-31T15:03:06+00:00","dateModified":"2020-04-02T08:17:05+00:00","breadcrumb":{"@id":"https:\/\/nord-bb.wp.ims.de\/de\/ueber-uns\/team\/#breadcrumb"},"inLanguage":"de","potentialAction":[{"@type":"ReadAction","target":["https:\/\/nord-bb.wp.ims.de\/de\/ueber-uns\/team\/"]}]},{"@type":"BreadcrumbList","@id":"https:\/\/nord-bb.wp.ims.de\/de\/ueber-uns\/team\/#breadcrumb","itemListElement":[{"@type":"ListItem","position":1,"name":"Startseite","item":"https:\/\/nord-bb.wp.ims.de\/de\/"},{"@type":"ListItem","position":2,"name":"\u00dcber uns","item":"https:\/\/nord-bb.wp.ims.de\/de\/ueber-uns\/"},{"@type":"ListItem","position":3,"name":"Team"}]},{"@type":"WebSite","@id":"https:\/\/nord-bb.wp.ims.de\/de\/#website","url":"https:\/\/nord-bb.wp.ims.de\/de\/","name":"NORD Bohr und Brunnenbau GmbH","description":"Die Spezialisten f\u00fcr Bohr- und Brunnenbau-Technologien","potentialAction":[{"@type":"SearchAction","target":{"@type":"EntryPoint","urlTemplate":"https:\/\/nord-bb.wp.ims.de\/de\/?s={search_term_string}"},"query-input":{"@type":"PropertyValueSpecification","valueRequired":true,"valueName":"search_term_string"}}],"inLanguage":"de"}]}},"_links":{"self":[{"href":"https:\/\/nord-bb.wp.ims.de\/de\/wp-json\/wp\/v2\/pages\/80","targetHints":{"allow":["GET"]}}],"collection":[{"href":"https:\/\/nord-bb.wp.ims.de\/de\/wp-json\/wp\/v2\/pages"}],"about":[{"href":"https:\/\/nord-bb.wp.ims.de\/de\/wp-json\/wp\/v2\/types\/page"}],"author":[{"embeddable":true,"href":"https:\/\/nord-bb.wp.ims.de\/de\/wp-json\/wp\/v2\/users\/2"}],"replies":[{"embeddable":true,"href":"https:\/\/nord-bb.wp.ims.de\/de\/wp-json\/wp\/v2\/comments?post=80"}],"version-history":[{"count":11,"href":"https:\/\/nord-bb.wp.ims.de\/de\/wp-json\/wp\/v2\/pages\/80\/revisions"}],"predecessor-version":[{"id":1358,"href":"https:\/\/nord-bb.wp.ims.de\/de\/wp-json\/wp\/v2\/pages\/80\/revisions\/1358"}],"up":[{"embeddable":true,"href":"https:\/\/nord-bb.wp.ims.de\/de\/wp-json\/wp\/v2\/pages\/48"}],"wp:attachment":[{"href":"https:\/\/nord-bb.wp.ims.de\/de\/wp-json\/wp\/v2\/media?parent=80"}],"curies":[{"name":"wp","href":"https:\/\/api.w.org\/{rel}","templated":true}]}}