{"id":82,"date":"2020-03-31T17:04:16","date_gmt":"2020-03-31T15:04:16","guid":{"rendered":"https:\/\/nord-bb.wp.ims.de\/?page_id=82"},"modified":"2020-04-01T11:09:52","modified_gmt":"2020-04-01T09:09:52","slug":"fachberichte","status":"publish","type":"page","link":"https:\/\/nord-bb.wp.ims.de\/en\/fachberichte\/","title":{"rendered":"Technical reports"},"content":{"rendered":"<div data-elementor-type=\"wp-post\" data-elementor-id=\"82\" class=\"elementor elementor-82\">\n\t\t\t\t\t\t<section class=\"elementor-section elementor-top-section elementor-element elementor-element-d7ee67d elementor-section-boxed elementor-section-height-default elementor-section-height-default\" data-id=\"d7ee67d\" data-element_type=\"section\" data-e-type=\"section\" data-settings=\"{&quot;background_background&quot;:&quot;classic&quot;}\">\n\t\t\t\t\t\t<div class=\"elementor-container elementor-column-gap-default\">\n\t\t\t\t\t<div class=\"elementor-column elementor-col-100 elementor-top-column elementor-element elementor-element-9e20aba\" data-id=\"9e20aba\" data-element_type=\"column\" data-e-type=\"column\">\n\t\t\t<div class=\"elementor-widget-wrap elementor-element-populated\">\n\t\t\t\t\t\t<div class=\"elementor-element elementor-element-87ce6ac elementor-widget elementor-widget-heading\" data-id=\"87ce6ac\" data-element_type=\"widget\" data-e-type=\"widget\" data-widget_type=\"heading.default\">\n\t\t\t\t<div class=\"elementor-widget-container\">\n\t\t\t\t\t<h1 class=\"elementor-heading-title elementor-size-default\">Well informed.<\/h1>\t\t\t\t<\/div>\n\t\t\t\t<\/div>\n\t\t\t\t<div class=\"elementor-element elementor-element-1be6100 elementor-widget elementor-widget-heading\" data-id=\"1be6100\" data-element_type=\"widget\" data-e-type=\"widget\" data-widget_type=\"heading.default\">\n\t\t\t\t<div class=\"elementor-widget-container\">\n\t\t\t\t\t<h5 class=\"elementor-heading-title elementor-size-small\">NBB. Yesterday. Today. Tomorrow.<\/h5>\t\t\t\t<\/div>\n\t\t\t\t<\/div>\n\t\t\t\t<section class=\"elementor-section elementor-inner-section elementor-element elementor-element-3485dc4 elementor-section-boxed elementor-section-height-default elementor-section-height-default\" data-id=\"3485dc4\" data-element_type=\"section\" data-e-type=\"section\">\n\t\t\t\t\t\t<div class=\"elementor-container elementor-column-gap-default\">\n\t\t\t\t\t<div class=\"elementor-column elementor-col-50 elementor-inner-column elementor-element elementor-element-43bcdce\" data-id=\"43bcdce\" data-element_type=\"column\" data-e-type=\"column\">\n\t\t\t<div class=\"elementor-widget-wrap elementor-element-populated\">\n\t\t\t\t\r\n<style>\r\r\n\t.pt-module-content.pt-link {\r\r\n\t\tdisplay: block;\r\r\n\t}\r\r\n<\/style><style>\r\n\t.pt-3d-ih-content .grid__item {\r\n    \twidth: 80%;\r\n\t}\r\n\t<\/style>\r\n\r\n\r\n\r\n\r\n\r\n\r\n\t\t<div class=\"elementor-element elementor-element-bd0b173 elementor-widget elementor-widget-text-editor\" data-id=\"bd0b173\" data-element_type=\"widget\" data-e-type=\"widget\" data-widget_type=\"text-editor.default\">\n\t\t\t\t<div class=\"elementor-widget-container\">\n\t\t\t\t\t\t\t\t\t<p>We are experts in the world of drilling and well building. Thanks to our long years of experience, we are able to flexibly adapt to the differing demands of ever-changing challenges and to provide solutions generally tailored to customer needs.<\/p>\t\t\t\t\t\t\t\t<\/div>\n\t\t\t\t<\/div>\n\t\t\t\t\t<\/div>\n\t\t<\/div>\n\t\t\t\t<div class=\"elementor-column elementor-col-50 elementor-inner-column elementor-element elementor-element-2433d9d\" data-id=\"2433d9d\" data-element_type=\"column\" data-e-type=\"column\">\n\t\t\t<div class=\"elementor-widget-wrap elementor-element-populated\">\n\t\t\t\t\t\t<div class=\"elementor-element elementor-element-297918e elementor-widget elementor-widget-text-editor\" data-id=\"297918e\" data-element_type=\"widget\" data-e-type=\"widget\" data-widget_type=\"text-editor.default\">\n\t\t\t\t<div class=\"elementor-widget-container\">\n\t\t\t\t\t\t\t\t\t<p style=\"text-align: left;\">Let us give you an insight to the world of NBB with snap-shots of selected reports and projects.<\/p>\t\t\t\t\t\t\t\t<\/div>\n\t\t\t\t<\/div>\n\t\t\t\t\t<\/div>\n\t\t<\/div>\n\t\t\t\t\t<\/div>\n\t\t<\/section>\n\t\t\t\t<div class=\"elementor-element elementor-element-f79d182 elementor-grid-3 elementor-grid-tablet-2 elementor-grid-mobile-1 elementor-posts--thumbnail-top elementor-card-shadow-yes elementor-posts__hover-gradient elementor-widget elementor-widget-posts\" data-id=\"f79d182\" data-element_type=\"widget\" data-e-type=\"widget\" data-settings=\"{&quot;cards_columns&quot;:&quot;3&quot;,&quot;cards_columns_tablet&quot;:&quot;2&quot;,&quot;cards_columns_mobile&quot;:&quot;1&quot;,&quot;cards_row_gap&quot;:{&quot;unit&quot;:&quot;px&quot;,&quot;size&quot;:35,&quot;sizes&quot;:[]}}\" data-widget_type=\"posts.cards\">\n\t\t\t\t<div class=\"elementor-widget-container\">\n\t\t\t\t\t\t\t<div class=\"elementor-posts-container elementor-posts elementor-posts--skin-cards elementor-grid\">\n\t\t\t\t<article class=\"elementor-post elementor-grid-item post-998 post type-post status-publish format-standard has-post-thumbnail hentry category-allgemein\">\n\t\t\t<div class=\"elementor-post__card\">\n\t\t\t\t<a class=\"elementor-post__thumbnail__link\" href=\"https:\/\/nord-bb.wp.ims.de\/wp-content\/uploads\/2020\/04\/Sanierung-Ludwigshafen.pdf\" >\n\t\t\t<div class=\"elementor-post__thumbnail\"><img fetchpriority=\"high\" decoding=\"async\" width=\"300\" height=\"249\" src=\"https:\/\/nord-bb.wp.ims.de\/wp-content\/uploads\/2020\/02\/NBB-Brunnenbohrung-BBOS-13-5-300x249.jpg\" class=\"attachment-medium size-medium wp-image-1075\" alt=\"\" srcset=\"https:\/\/nord-bb.wp.ims.de\/wp-content\/uploads\/2020\/02\/NBB-Brunnenbohrung-BBOS-13-5-300x249.jpg 300w, https:\/\/nord-bb.wp.ims.de\/wp-content\/uploads\/2020\/02\/NBB-Brunnenbohrung-BBOS-13-5.jpg 525w\" sizes=\"(max-width: 300px) 100vw, 300px\" \/><\/div>\n\t\t<\/a>\n\t\t\t\t<div class=\"elementor-post__text\">\n\t\t\t\t<h3 class=\"elementor-post__title\">\n\t\t\t<a href=\"https:\/\/nord-bb.wp.ims.de\/wp-content\/uploads\/2020\/04\/Sanierung-Ludwigshafen.pdf\" >\n\t\t\t\tSanierung eines Tiefbrunnens in Ludwigshafen\t\t\t<\/a>\n\t\t<\/h3>\n\t\t\t\t<div class=\"elementor-post__excerpt\">\n\t\t\t<p>Seit 1935 betreibt die Technische Werke Ludwigshafen AG (TWL) auf der st\u00e4dtischen Parkinsel am Rhein ein Wasserwerk mit heute insgesamt neun Tiefbrunnen. Nach Ablauf der<\/p>\n\t\t<\/div>\n\t\t\t\t\t<a class=\"elementor-post__read-more\" href=\"https:\/\/nord-bb.wp.ims.de\/wp-content\/uploads\/2020\/04\/Sanierung-Ludwigshafen.pdf\" >\n\t\t\t\tweiterlesen\t\t\t<\/a>\n\t\t\t\t<\/div>\n\t\t\t\t\t<\/div>\n\t\t<\/article>\n\t\t\t\t<article class=\"elementor-post elementor-grid-item post-996 post type-post status-publish format-standard has-post-thumbnail hentry category-allgemein\">\n\t\t\t<div class=\"elementor-post__card\">\n\t\t\t\t<a class=\"elementor-post__thumbnail__link\" href=\"https:\/\/nord-bb.wp.ims.de\/wp-content\/uploads\/2020\/04\/Sanierung-GFKBrunnen.pdf\" >\n\t\t\t<div class=\"elementor-post__thumbnail\"><img decoding=\"async\" width=\"300\" height=\"193\" src=\"https:\/\/nord-bb.wp.ims.de\/wp-content\/uploads\/2020\/02\/NBB-Brunnenbohrung-BBOS-12-4-300x193.jpg\" class=\"attachment-medium size-medium wp-image-1068\" alt=\"\" srcset=\"https:\/\/nord-bb.wp.ims.de\/wp-content\/uploads\/2020\/02\/NBB-Brunnenbohrung-BBOS-12-4-300x193.jpg 300w, https:\/\/nord-bb.wp.ims.de\/wp-content\/uploads\/2020\/02\/NBB-Brunnenbohrung-BBOS-12-4.jpg 525w\" sizes=\"(max-width: 300px) 100vw, 300px\" \/><\/div>\n\t\t<\/a>\n\t\t\t\t<div class=\"elementor-post__text\">\n\t\t\t\t<h3 class=\"elementor-post__title\">\n\t\t\t<a href=\"https:\/\/nord-bb.wp.ims.de\/wp-content\/uploads\/2020\/04\/Sanierung-GFKBrunnen.pdf\" >\n\t\t\t\tSanierung eines 38 Jahre alten GFK-Brunnens\t\t\t<\/a>\n\t\t<\/h3>\n\t\t\t\t<div class=\"elementor-post__excerpt\">\n\t\t\t<p>Brunnensanierung der ganz speziellen Art. \u00a0 \u00a0 \u00a0 \u00a0 Bei der routinem\u00e4\u00dfigen \u00dcberpr\u00fcfung der Wasserqualit\u00e4t in einem oberbayrischen Brunnen wurden durch das Gesundheitsamt erh\u00f6hte Nitratgehalte<\/p>\n\t\t<\/div>\n\t\t\t\t\t<a class=\"elementor-post__read-more\" href=\"https:\/\/nord-bb.wp.ims.de\/wp-content\/uploads\/2020\/04\/Sanierung-GFKBrunnen.pdf\" >\n\t\t\t\tweiterlesen\t\t\t<\/a>\n\t\t\t\t<\/div>\n\t\t\t\t\t<\/div>\n\t\t<\/article>\n\t\t\t\t<article class=\"elementor-post elementor-grid-item post-565 post type-post status-publish format-standard has-post-thumbnail hentry category-allgemein\">\n\t\t\t<div class=\"elementor-post__card\">\n\t\t\t\t<a class=\"elementor-post__thumbnail__link\" href=\"https:\/\/nord-bb.wp.ims.de\/wp-content\/uploads\/2020\/04\/Rueckbau-TB-Zivilschutz-HH.pdf\" >\n\t\t\t<div class=\"elementor-post__thumbnail\"><img decoding=\"async\" width=\"300\" height=\"288\" src=\"https:\/\/nord-bb.wp.ims.de\/wp-content\/uploads\/Fachberichte\/Rueckbau-TB-Zivilschutz-HH-300x288.jpg\" class=\"attachment-medium size-medium wp-image-993\" alt=\"\" srcset=\"https:\/\/nord-bb.wp.ims.de\/wp-content\/uploads\/Fachberichte\/Rueckbau-TB-Zivilschutz-HH-300x288.jpg 300w, https:\/\/nord-bb.wp.ims.de\/wp-content\/uploads\/Fachberichte\/Rueckbau-TB-Zivilschutz-HH.jpg 747w\" sizes=\"(max-width: 300px) 100vw, 300px\" \/><\/div>\n\t\t<\/a>\n\t\t\t\t<div class=\"elementor-post__text\">\n\t\t\t\t<h3 class=\"elementor-post__title\">\n\t\t\t<a href=\"https:\/\/nord-bb.wp.ims.de\/wp-content\/uploads\/2020\/04\/Rueckbau-TB-Zivilschutz-HH.pdf\" >\n\t\t\t\tR\u00fcckbau von Tiefbrunnen ehemaliger Hamburger Zivilschutzeinrichtungen\t\t\t<\/a>\n\t\t<\/h3>\n\t\t\t\t<div class=\"elementor-post__excerpt\">\n\t\t\t<p>\u00a0 Der urspr\u00fcngliche Gedanke des fl\u00e4chendeckenden Schutzraum\u00adkonzeptes, im Verteidigungsfall die Zivilbev\u00f6lkerung vor z. B. Luftangriffen zu sch\u00fctzen, ist \u00fcberholt. weiter lesen<\/p>\n\t\t<\/div>\n\t\t\t\t\t<a class=\"elementor-post__read-more\" href=\"https:\/\/nord-bb.wp.ims.de\/wp-content\/uploads\/2020\/04\/Rueckbau-TB-Zivilschutz-HH.pdf\" >\n\t\t\t\tweiterlesen\t\t\t<\/a>\n\t\t\t\t<\/div>\n\t\t\t\t\t<\/div>\n\t\t<\/article>\n\t\t\t\t<\/div>\n\t\t\t\t\t\t<\/div>\n\t\t\t\t<\/div>\n\t\t\t\t\t<\/div>\n\t\t<\/div>\n\t\t\t\t\t<\/div>\n\t\t<\/section>\n\t\t\t\t<\/div>","protected":false},"excerpt":{"rendered":"<p>Gut informiert. NBB. Gestern. Heute. Morgen.. In der Welt von Bohr- und Brunnenbau sind wir zu Hause. Wir k\u00f6nnen uns flexibel an die wandelnden Anforderungen der Aufgaben und der Kundenbed\u00fcrfnisse mit unserer langj\u00e4hrigen Kompetenz anpassen und entsprechende L\u00f6sungen anbieten. Dar\u00fcber m\u00f6chten wir Sie mit Momentaufnahmen von ausgew\u00e4hlten Berichten und Projekten informieren und Ihnen einen Einblick [&hellip;]<\/p>\n","protected":false},"author":2,"featured_media":0,"parent":0,"menu_order":0,"comment_status":"closed","ping_status":"closed","template":"elementor_header_footer","meta":{"footnotes":"","_links_to":"","_links_to_target":""},"class_list":["post-82","page","type-page","status-publish","hentry"],"yoast_head":"<!-- This site is optimized with the Yoast SEO plugin v27.4 - https:\/\/yoast.com\/product\/yoast-seo-wordpress\/ -->\n<title>Fachberichte - NORD Bohr und Brunnenbau GmbH<\/title>\n<meta name=\"robots\" content=\"index, follow, max-snippet:-1, max-image-preview:large, max-video-preview:-1\" \/>\n<link rel=\"canonical\" href=\"https:\/\/nord-bb.wp.ims.de\/en\/fachberichte\/\" \/>\n<meta property=\"og:locale\" content=\"en_GB\" \/>\n<meta property=\"og:type\" content=\"article\" \/>\n<meta property=\"og:title\" content=\"Fachberichte - NORD Bohr und Brunnenbau GmbH\" \/>\n<meta property=\"og:description\" content=\"Gut informiert. NBB. Gestern. Heute. Morgen.. In der Welt von Bohr- und Brunnenbau sind wir zu Hause. Wir k\u00f6nnen uns flexibel an die wandelnden Anforderungen der Aufgaben und der Kundenbed\u00fcrfnisse mit unserer langj\u00e4hrigen Kompetenz anpassen und entsprechende L\u00f6sungen anbieten. Dar\u00fcber m\u00f6chten wir Sie mit Momentaufnahmen von ausgew\u00e4hlten Berichten und Projekten informieren und Ihnen einen Einblick [&hellip;]\" \/>\n<meta property=\"og:url\" content=\"https:\/\/nord-bb.wp.ims.de\/en\/fachberichte\/\" \/>\n<meta property=\"og:site_name\" content=\"NORD Bohr und Brunnenbau GmbH\" \/>\n<meta property=\"article:modified_time\" content=\"2020-04-01T09:09:52+00:00\" \/>\n<meta name=\"twitter:card\" content=\"summary_large_image\" \/>\n<script type=\"application\/ld+json\" class=\"yoast-schema-graph\">{\"@context\":\"https:\\\/\\\/schema.org\",\"@graph\":[{\"@type\":\"WebPage\",\"@id\":\"https:\\\/\\\/nord-bb.wp.ims.de\\\/de\\\/fachberichte\\\/\",\"url\":\"https:\\\/\\\/nord-bb.wp.ims.de\\\/de\\\/fachberichte\\\/\",\"name\":\"Fachberichte - NORD Bohr und Brunnenbau GmbH\",\"isPartOf\":{\"@id\":\"https:\\\/\\\/nord-bb.wp.ims.de\\\/de\\\/#website\"},\"datePublished\":\"2020-03-31T15:04:16+00:00\",\"dateModified\":\"2020-04-01T09:09:52+00:00\",\"breadcrumb\":{\"@id\":\"https:\\\/\\\/nord-bb.wp.ims.de\\\/de\\\/fachberichte\\\/#breadcrumb\"},\"inLanguage\":\"en-GB\",\"potentialAction\":[{\"@type\":\"ReadAction\",\"target\":[\"https:\\\/\\\/nord-bb.wp.ims.de\\\/de\\\/fachberichte\\\/\"]}]},{\"@type\":\"BreadcrumbList\",\"@id\":\"https:\\\/\\\/nord-bb.wp.ims.de\\\/de\\\/fachberichte\\\/#breadcrumb\",\"itemListElement\":[{\"@type\":\"ListItem\",\"position\":1,\"name\":\"Startseite\",\"item\":\"https:\\\/\\\/nord-bb.wp.ims.de\\\/de\\\/\"},{\"@type\":\"ListItem\",\"position\":2,\"name\":\"Fachberichte\"}]},{\"@type\":\"WebSite\",\"@id\":\"https:\\\/\\\/nord-bb.wp.ims.de\\\/de\\\/#website\",\"url\":\"https:\\\/\\\/nord-bb.wp.ims.de\\\/de\\\/\",\"name\":\"NORD Bohr und Brunnenbau GmbH\",\"description\":\"Die Spezialisten f\u00fcr Bohr- und Brunnenbau-Technologien\",\"potentialAction\":[{\"@type\":\"SearchAction\",\"target\":{\"@type\":\"EntryPoint\",\"urlTemplate\":\"https:\\\/\\\/nord-bb.wp.ims.de\\\/de\\\/?s={search_term_string}\"},\"query-input\":{\"@type\":\"PropertyValueSpecification\",\"valueRequired\":true,\"valueName\":\"search_term_string\"}}],\"inLanguage\":\"en-GB\"}]}<\/script>\n<!-- \/ Yoast SEO plugin. -->","yoast_head_json":{"title":"Fachberichte - NORD Bohr und Brunnenbau GmbH","robots":{"index":"index","follow":"follow","max-snippet":"max-snippet:-1","max-image-preview":"max-image-preview:large","max-video-preview":"max-video-preview:-1"},"canonical":"https:\/\/nord-bb.wp.ims.de\/en\/fachberichte\/","og_locale":"en_GB","og_type":"article","og_title":"Fachberichte - NORD Bohr und Brunnenbau GmbH","og_description":"Gut informiert. NBB. Gestern. Heute. Morgen.. In der Welt von Bohr- und Brunnenbau sind wir zu Hause. Wir k\u00f6nnen uns flexibel an die wandelnden Anforderungen der Aufgaben und der Kundenbed\u00fcrfnisse mit unserer langj\u00e4hrigen Kompetenz anpassen und entsprechende L\u00f6sungen anbieten. Dar\u00fcber m\u00f6chten wir Sie mit Momentaufnahmen von ausgew\u00e4hlten Berichten und Projekten informieren und Ihnen einen Einblick [&hellip;]","og_url":"https:\/\/nord-bb.wp.ims.de\/en\/fachberichte\/","og_site_name":"NORD Bohr und Brunnenbau GmbH","article_modified_time":"2020-04-01T09:09:52+00:00","twitter_card":"summary_large_image","schema":{"@context":"https:\/\/schema.org","@graph":[{"@type":"WebPage","@id":"https:\/\/nord-bb.wp.ims.de\/de\/fachberichte\/","url":"https:\/\/nord-bb.wp.ims.de\/de\/fachberichte\/","name":"Fachberichte - NORD Bohr und Brunnenbau GmbH","isPartOf":{"@id":"https:\/\/nord-bb.wp.ims.de\/de\/#website"},"datePublished":"2020-03-31T15:04:16+00:00","dateModified":"2020-04-01T09:09:52+00:00","breadcrumb":{"@id":"https:\/\/nord-bb.wp.ims.de\/de\/fachberichte\/#breadcrumb"},"inLanguage":"en-GB","potentialAction":[{"@type":"ReadAction","target":["https:\/\/nord-bb.wp.ims.de\/de\/fachberichte\/"]}]},{"@type":"BreadcrumbList","@id":"https:\/\/nord-bb.wp.ims.de\/de\/fachberichte\/#breadcrumb","itemListElement":[{"@type":"ListItem","position":1,"name":"Startseite","item":"https:\/\/nord-bb.wp.ims.de\/de\/"},{"@type":"ListItem","position":2,"name":"Fachberichte"}]},{"@type":"WebSite","@id":"https:\/\/nord-bb.wp.ims.de\/de\/#website","url":"https:\/\/nord-bb.wp.ims.de\/de\/","name":"NORD Bohr und Brunnenbau GmbH","description":"Die Spezialisten f\u00fcr Bohr- und Brunnenbau-Technologien","potentialAction":[{"@type":"SearchAction","target":{"@type":"EntryPoint","urlTemplate":"https:\/\/nord-bb.wp.ims.de\/de\/?s={search_term_string}"},"query-input":{"@type":"PropertyValueSpecification","valueRequired":true,"valueName":"search_term_string"}}],"inLanguage":"en-GB"}]}},"_links":{"self":[{"href":"https:\/\/nord-bb.wp.ims.de\/en\/wp-json\/wp\/v2\/pages\/82","targetHints":{"allow":["GET"]}}],"collection":[{"href":"https:\/\/nord-bb.wp.ims.de\/en\/wp-json\/wp\/v2\/pages"}],"about":[{"href":"https:\/\/nord-bb.wp.ims.de\/en\/wp-json\/wp\/v2\/types\/page"}],"author":[{"embeddable":true,"href":"https:\/\/nord-bb.wp.ims.de\/en\/wp-json\/wp\/v2\/users\/2"}],"replies":[{"embeddable":true,"href":"https:\/\/nord-bb.wp.ims.de\/en\/wp-json\/wp\/v2\/comments?post=82"}],"version-history":[{"count":31,"href":"https:\/\/nord-bb.wp.ims.de\/en\/wp-json\/wp\/v2\/pages\/82\/revisions"}],"predecessor-version":[{"id":1243,"href":"https:\/\/nord-bb.wp.ims.de\/en\/wp-json\/wp\/v2\/pages\/82\/revisions\/1243"}],"wp:attachment":[{"href":"https:\/\/nord-bb.wp.ims.de\/en\/wp-json\/wp\/v2\/media?parent=82"}],"curies":[{"name":"wp","href":"https:\/\/api.w.org\/{rel}","templated":true}]}}